{"id":128,"date":"2024-11-20T16:51:50","date_gmt":"2024-11-20T16:51:50","guid":{"rendered":"https:\/\/www.ecojardi.com\/?page_id=128"},"modified":"2025-03-19T11:14:57","modified_gmt":"2025-03-19T11:14:57","slug":"iluminacion-exterior","status":"publish","type":"page","link":"https:\/\/www.ecojardi.com\/index.php\/iluminacion-exterior\/","title":{"rendered":"Iluminaci\u00f3n exterior"},"content":{"rendered":"\n<div style=\"height:15px\" aria-hidden=\"true\" class=\"wp-block-spacer\"><\/div>\n\n\n\n<figure class=\"wp-block-image size-large\"><img loading=\"lazy\" decoding=\"async\" width=\"1024\" height=\"576\" src=\"http:\/\/www.ecojardi.com\/wp-content\/uploads\/2024\/11\/exteriorismo-Barcelona-7-1024x576.jpg\" alt=\"\" class=\"wp-image-255\" srcset=\"https:\/\/www.ecojardi.com\/wp-content\/uploads\/2024\/11\/exteriorismo-Barcelona-7-1024x576.jpg 1024w, https:\/\/www.ecojardi.com\/wp-content\/uploads\/2024\/11\/exteriorismo-Barcelona-7-300x169.jpg 300w, https:\/\/www.ecojardi.com\/wp-content\/uploads\/2024\/11\/exteriorismo-Barcelona-7-768x432.jpg 768w, https:\/\/www.ecojardi.com\/wp-content\/uploads\/2024\/11\/exteriorismo-Barcelona-7-1536x864.jpg 1536w, https:\/\/www.ecojardi.com\/wp-content\/uploads\/2024\/11\/exteriorismo-Barcelona-7.jpg 2048w\" sizes=\"auto, (max-width: 1024px) 100vw, 1024px\" \/><\/figure>\n\n\n\n<div class=\"wp-block-group alignwide has-global-padding is-layout-constrained wp-block-group-is-layout-constrained\">\n<h1 class=\"wp-block-heading alignwide has-text-align-center has-xx-large-font-size\" style=\"line-height:1.2\">Crea ambientes m\u00e1gicos en tu terraza.<\/h1>\n\n\n\n<figure class=\"wp-block-image size-large\"><img loading=\"lazy\" decoding=\"async\" width=\"1024\" height=\"768\" src=\"http:\/\/www.ecojardi.com\/wp-content\/uploads\/2024\/11\/iluminacion-exterior-ecojardi-1024x768.jpg\" alt=\"\" class=\"wp-image-191\" srcset=\"https:\/\/www.ecojardi.com\/wp-content\/uploads\/2024\/11\/iluminacion-exterior-ecojardi-1024x768.jpg 1024w, https:\/\/www.ecojardi.com\/wp-content\/uploads\/2024\/11\/iluminacion-exterior-ecojardi-300x225.jpg 300w, https:\/\/www.ecojardi.com\/wp-content\/uploads\/2024\/11\/iluminacion-exterior-ecojardi-768x576.jpg 768w, https:\/\/www.ecojardi.com\/wp-content\/uploads\/2024\/11\/iluminacion-exterior-ecojardi-1536x1152.jpg 1536w, https:\/\/www.ecojardi.com\/wp-content\/uploads\/2024\/11\/iluminacion-exterior-ecojardi.jpg 1600w\" sizes=\"auto, (max-width: 1024px) 100vw, 1024px\" \/><\/figure>\n\n\n\n<figure class=\"wp-block-image size-large\"><img loading=\"lazy\" decoding=\"async\" width=\"1024\" height=\"576\" src=\"http:\/\/www.ecojardi.com\/wp-content\/uploads\/2024\/11\/iluminacion-exterior-ecojardi-3-1-edited-1024x576.jpg\" alt=\"\" class=\"wp-image-196\" srcset=\"https:\/\/www.ecojardi.com\/wp-content\/uploads\/2024\/11\/iluminacion-exterior-ecojardi-3-1-edited-1024x576.jpg 1024w, https:\/\/www.ecojardi.com\/wp-content\/uploads\/2024\/11\/iluminacion-exterior-ecojardi-3-1-edited-300x169.jpg 300w, https:\/\/www.ecojardi.com\/wp-content\/uploads\/2024\/11\/iluminacion-exterior-ecojardi-3-1-edited-768x432.jpg 768w, https:\/\/www.ecojardi.com\/wp-content\/uploads\/2024\/11\/iluminacion-exterior-ecojardi-3-1-edited-1536x864.jpg 1536w, https:\/\/www.ecojardi.com\/wp-content\/uploads\/2024\/11\/iluminacion-exterior-ecojardi-3-1-edited.jpg 1578w\" sizes=\"auto, (max-width: 1024px) 100vw, 1024px\" \/><\/figure>\n<\/div>\n\n\n\n<h2 class=\"wp-block-heading has-text-align-center\">Podemos generar para ti diferentes ambientes, rom\u00e1ntico, moderno, bohemio, r\u00fastico, divertido&#8230;. Te invitamos a sumergirte en un mundo de nuevas sensaciones.<\/h2>\n\n\n\n<figure class=\"wp-block-image size-large\"><img loading=\"lazy\" decoding=\"async\" width=\"1024\" height=\"768\" src=\"http:\/\/www.ecojardi.com\/wp-content\/uploads\/2024\/11\/iluminacion-exterior-Barcelona-Ecojardi-1-1024x768.jpg\" alt=\"\" class=\"wp-image-206\" srcset=\"https:\/\/www.ecojardi.com\/wp-content\/uploads\/2024\/11\/iluminacion-exterior-Barcelona-Ecojardi-1-1024x768.jpg 1024w, https:\/\/www.ecojardi.com\/wp-content\/uploads\/2024\/11\/iluminacion-exterior-Barcelona-Ecojardi-1-300x225.jpg 300w, https:\/\/www.ecojardi.com\/wp-content\/uploads\/2024\/11\/iluminacion-exterior-Barcelona-Ecojardi-1-768x576.jpg 768w, https:\/\/www.ecojardi.com\/wp-content\/uploads\/2024\/11\/iluminacion-exterior-Barcelona-Ecojardi-1-1536x1152.jpg 1536w, https:\/\/www.ecojardi.com\/wp-content\/uploads\/2024\/11\/iluminacion-exterior-Barcelona-Ecojardi-1.jpg 2048w\" sizes=\"auto, (max-width: 1024px) 100vw, 1024px\" \/><\/figure>\n\n\n\n<figure class=\"wp-block-image size-large\"><img loading=\"lazy\" decoding=\"async\" width=\"1024\" height=\"543\" src=\"http:\/\/www.ecojardi.com\/wp-content\/uploads\/2024\/11\/iluminacion-exterior-ecojardi-4-1024x543.jpg\" alt=\"\" class=\"wp-image-197\" srcset=\"https:\/\/www.ecojardi.com\/wp-content\/uploads\/2024\/11\/iluminacion-exterior-ecojardi-4-1024x543.jpg 1024w, https:\/\/www.ecojardi.com\/wp-content\/uploads\/2024\/11\/iluminacion-exterior-ecojardi-4-300x159.jpg 300w, https:\/\/www.ecojardi.com\/wp-content\/uploads\/2024\/11\/iluminacion-exterior-ecojardi-4-768x407.jpg 768w, https:\/\/www.ecojardi.com\/wp-content\/uploads\/2024\/11\/iluminacion-exterior-ecojardi-4.jpg 1307w\" sizes=\"auto, (max-width: 1024px) 100vw, 1024px\" \/><\/figure>\n\n\n\n<h2 class=\"wp-block-heading has-text-align-center\">Ba\u00f1a tu terraza de luz y deja que la magia de la noche te envuelva. Nuestra iluminaci\u00f3n exterior te ofrece la posibilidad de crear espacios acogedores y llenos de encanto.<\/h2>\n\n\n\n<figure class=\"wp-block-image size-large\"><img loading=\"lazy\" decoding=\"async\" width=\"1024\" height=\"576\" src=\"https:\/\/www.ecojardi.com\/wp-content\/uploads\/2025\/03\/iluminacion-exterior-Barcelona-2-1024x576.jpg\" alt=\"\" class=\"wp-image-294\" srcset=\"https:\/\/www.ecojardi.com\/wp-content\/uploads\/2025\/03\/iluminacion-exterior-Barcelona-2-1024x576.jpg 1024w, https:\/\/www.ecojardi.com\/wp-content\/uploads\/2025\/03\/iluminacion-exterior-Barcelona-2-300x169.jpg 300w, https:\/\/www.ecojardi.com\/wp-content\/uploads\/2025\/03\/iluminacion-exterior-Barcelona-2-768x432.jpg 768w, https:\/\/www.ecojardi.com\/wp-content\/uploads\/2025\/03\/iluminacion-exterior-Barcelona-2-1536x864.jpg 1536w, https:\/\/www.ecojardi.com\/wp-content\/uploads\/2025\/03\/iluminacion-exterior-Barcelona-2.jpg 1600w\" sizes=\"auto, (max-width: 1024px) 100vw, 1024px\" \/><\/figure>\n\n\n\n<figure class=\"wp-block-image size-large\"><img loading=\"lazy\" decoding=\"async\" width=\"1024\" height=\"768\" src=\"https:\/\/www.ecojardi.com\/wp-content\/uploads\/2025\/03\/iluminacion-exterior-Barcelona-1024x768.jpg\" alt=\"\" class=\"wp-image-295\" srcset=\"https:\/\/www.ecojardi.com\/wp-content\/uploads\/2025\/03\/iluminacion-exterior-Barcelona-1024x768.jpg 1024w, https:\/\/www.ecojardi.com\/wp-content\/uploads\/2025\/03\/iluminacion-exterior-Barcelona-300x225.jpg 300w, https:\/\/www.ecojardi.com\/wp-content\/uploads\/2025\/03\/iluminacion-exterior-Barcelona-768x576.jpg 768w, https:\/\/www.ecojardi.com\/wp-content\/uploads\/2025\/03\/iluminacion-exterior-Barcelona-1536x1152.jpg 1536w, https:\/\/www.ecojardi.com\/wp-content\/uploads\/2025\/03\/iluminacion-exterior-Barcelona.jpg 1600w\" sizes=\"auto, (max-width: 1024px) 100vw, 1024px\" \/><\/figure>\n\n\n\n<figure class=\"wp-block-image size-large\"><img loading=\"lazy\" decoding=\"async\" width=\"1024\" height=\"497\" src=\"https:\/\/www.ecojardi.com\/wp-content\/uploads\/2025\/03\/iluminacion-exterior-Barcelona-1-1024x497.jpg\" alt=\"\" class=\"wp-image-296\" srcset=\"https:\/\/www.ecojardi.com\/wp-content\/uploads\/2025\/03\/iluminacion-exterior-Barcelona-1-1024x497.jpg 1024w, https:\/\/www.ecojardi.com\/wp-content\/uploads\/2025\/03\/iluminacion-exterior-Barcelona-1-300x146.jpg 300w, https:\/\/www.ecojardi.com\/wp-content\/uploads\/2025\/03\/iluminacion-exterior-Barcelona-1-768x373.jpg 768w, https:\/\/www.ecojardi.com\/wp-content\/uploads\/2025\/03\/iluminacion-exterior-Barcelona-1-1536x746.jpg 1536w, https:\/\/www.ecojardi.com\/wp-content\/uploads\/2025\/03\/iluminacion-exterior-Barcelona-1.jpg 1600w\" sizes=\"auto, (max-width: 1024px) 100vw, 1024px\" \/><\/figure>\n\n\n\n<figure class=\"wp-block-image size-large\"><img loading=\"lazy\" decoding=\"async\" width=\"1024\" height=\"479\" src=\"https:\/\/www.ecojardi.com\/wp-content\/uploads\/2025\/03\/iluminacion-exterior-Barcelona-1024x479.png\" alt=\"\" class=\"wp-image-297\" srcset=\"https:\/\/www.ecojardi.com\/wp-content\/uploads\/2025\/03\/iluminacion-exterior-Barcelona-1024x479.png 1024w, https:\/\/www.ecojardi.com\/wp-content\/uploads\/2025\/03\/iluminacion-exterior-Barcelona-300x140.png 300w, https:\/\/www.ecojardi.com\/wp-content\/uploads\/2025\/03\/iluminacion-exterior-Barcelona-768x359.png 768w, https:\/\/www.ecojardi.com\/wp-content\/uploads\/2025\/03\/iluminacion-exterior-Barcelona-1536x719.png 1536w, https:\/\/www.ecojardi.com\/wp-content\/uploads\/2025\/03\/iluminacion-exterior-Barcelona.png 1913w\" sizes=\"auto, (max-width: 1024px) 100vw, 1024px\" \/><\/figure>\n\n\n\n<figure class=\"wp-block-image size-large\"><img loading=\"lazy\" decoding=\"async\" width=\"1024\" height=\"512\" src=\"https:\/\/www.ecojardi.com\/wp-content\/uploads\/2025\/03\/iluminacion-terraza-barcelona-1024x512.jpg\" alt=\"\" class=\"wp-image-301\" srcset=\"https:\/\/www.ecojardi.com\/wp-content\/uploads\/2025\/03\/iluminacion-terraza-barcelona-1024x512.jpg 1024w, https:\/\/www.ecojardi.com\/wp-content\/uploads\/2025\/03\/iluminacion-terraza-barcelona-300x150.jpg 300w, https:\/\/www.ecojardi.com\/wp-content\/uploads\/2025\/03\/iluminacion-terraza-barcelona-768x384.jpg 768w, https:\/\/www.ecojardi.com\/wp-content\/uploads\/2025\/03\/iluminacion-terraza-barcelona-1536x768.jpg 1536w, https:\/\/www.ecojardi.com\/wp-content\/uploads\/2025\/03\/iluminacion-terraza-barcelona.jpg 1600w\" sizes=\"auto, (max-width: 1024px) 100vw, 1024px\" \/><\/figure>\n","protected":false},"excerpt":{"rendered":"<p>Crea ambientes m\u00e1gicos en tu terraza. Podemos generar para ti diferentes ambientes, rom\u00e1ntico, moderno, bohemio, r\u00fastico, divertido&#8230;. Te invitamos a sumergirte en un mundo de nuevas sensaciones. Ba\u00f1a tu terraza de luz y deja que la magia de la noche te envuelva. Nuestra iluminaci\u00f3n exterior te ofrece la posibilidad de crear espacios acogedores y llenos [&hellip;]<\/p>\n","protected":false},"author":1,"featured_media":0,"parent":0,"menu_order":0,"comment_status":"closed","ping_status":"closed","template":"","meta":{"om_disable_all_campaigns":false,"_monsterinsights_skip_tracking":false,"_monsterinsights_sitenote_active":false,"_monsterinsights_sitenote_note":"","_monsterinsights_sitenote_category":0,"_uf_show_specific_survey":0,"_uf_disable_surveys":false,"footnotes":""},"class_list":["post-128","page","type-page","status-publish","hentry"],"yoast_head":"<!-- This site is optimized with the Yoast SEO plugin v24.8.1 - https:\/\/yoast.com\/wordpress\/plugins\/seo\/ -->\n<title>Iluminaci\u00f3n exterior - www.ecojardi.com<\/title>\n<meta name=\"robots\" content=\"index, follow, max-snippet:-1, max-image-preview:large, max-video-preview:-1\" \/>\n<link rel=\"canonical\" href=\"https:\/\/www.ecojardi.com\/index.php\/iluminacion-exterior\/\" \/>\n<meta property=\"og:locale\" content=\"es_ES\" \/>\n<meta property=\"og:type\" content=\"article\" \/>\n<meta property=\"og:title\" content=\"Iluminaci\u00f3n exterior - www.ecojardi.com\" \/>\n<meta property=\"og:description\" content=\"Crea ambientes m\u00e1gicos en tu terraza. Podemos generar para ti diferentes ambientes, rom\u00e1ntico, moderno, bohemio, r\u00fastico, divertido&#8230;. Te invitamos a sumergirte en un mundo de nuevas sensaciones. Ba\u00f1a tu terraza de luz y deja que la magia de la noche te envuelva. Nuestra iluminaci\u00f3n exterior te ofrece la posibilidad de crear espacios acogedores y llenos [&hellip;]\" \/>\n<meta property=\"og:url\" content=\"https:\/\/www.ecojardi.com\/index.php\/iluminacion-exterior\/\" \/>\n<meta property=\"og:site_name\" content=\"www.ecojardi.com\" \/>\n<meta property=\"article:publisher\" content=\"https:\/\/www.facebook.com\/ecojardi2\/\" \/>\n<meta property=\"article:modified_time\" content=\"2025-03-19T11:14:57+00:00\" \/>\n<meta property=\"og:image\" content=\"https:\/\/www.ecojardi.com\/wp-content\/uploads\/2024\/11\/exteriorismo-Barcelona-7.jpg\" \/>\n\t<meta property=\"og:image:width\" content=\"2048\" \/>\n\t<meta property=\"og:image:height\" content=\"1152\" \/>\n\t<meta property=\"og:image:type\" content=\"image\/jpeg\" \/>\n<meta name=\"twitter:card\" content=\"summary_large_image\" \/>\n<meta name=\"twitter:label1\" content=\"Tiempo de lectura\" \/>\n\t<meta name=\"twitter:data1\" content=\"3 minutos\" \/>\n<script type=\"application\/ld+json\" class=\"yoast-schema-graph\">{\"@context\":\"https:\/\/schema.org\",\"@graph\":[{\"@type\":\"WebPage\",\"@id\":\"https:\/\/www.ecojardi.com\/index.php\/iluminacion-exterior\/\",\"url\":\"https:\/\/www.ecojardi.com\/index.php\/iluminacion-exterior\/\",\"name\":\"Iluminaci\u00f3n exterior - www.ecojardi.com\",\"isPartOf\":{\"@id\":\"https:\/\/www.ecojardi.com\/#website\"},\"primaryImageOfPage\":{\"@id\":\"https:\/\/www.ecojardi.com\/index.php\/iluminacion-exterior\/#primaryimage\"},\"image\":{\"@id\":\"https:\/\/www.ecojardi.com\/index.php\/iluminacion-exterior\/#primaryimage\"},\"thumbnailUrl\":\"http:\/\/www.ecojardi.com\/wp-content\/uploads\/2024\/11\/exteriorismo-Barcelona-7-1024x576.jpg\",\"datePublished\":\"2024-11-20T16:51:50+00:00\",\"dateModified\":\"2025-03-19T11:14:57+00:00\",\"breadcrumb\":{\"@id\":\"https:\/\/www.ecojardi.com\/index.php\/iluminacion-exterior\/#breadcrumb\"},\"inLanguage\":\"es\",\"potentialAction\":[{\"@type\":\"ReadAction\",\"target\":[\"https:\/\/www.ecojardi.com\/index.php\/iluminacion-exterior\/\"]}]},{\"@type\":\"ImageObject\",\"inLanguage\":\"es\",\"@id\":\"https:\/\/www.ecojardi.com\/index.php\/iluminacion-exterior\/#primaryimage\",\"url\":\"https:\/\/www.ecojardi.com\/wp-content\/uploads\/2024\/11\/exteriorismo-Barcelona-7.jpg\",\"contentUrl\":\"https:\/\/www.ecojardi.com\/wp-content\/uploads\/2024\/11\/exteriorismo-Barcelona-7.jpg\",\"width\":2048,\"height\":1152},{\"@type\":\"BreadcrumbList\",\"@id\":\"https:\/\/www.ecojardi.com\/index.php\/iluminacion-exterior\/#breadcrumb\",\"itemListElement\":[{\"@type\":\"ListItem\",\"position\":1,\"name\":\"Portada\",\"item\":\"https:\/\/www.ecojardi.com\/\"},{\"@type\":\"ListItem\",\"position\":2,\"name\":\"Iluminaci\u00f3n exterior\"}]},{\"@type\":\"WebSite\",\"@id\":\"https:\/\/www.ecojardi.com\/#website\",\"url\":\"https:\/\/www.ecojardi.com\/\",\"name\":\"www.ecojardi.com\",\"description\":\"Tarima exterior barcelona, Reforma de terrazas y jardines en Barcelona\",\"publisher\":{\"@id\":\"https:\/\/www.ecojardi.com\/#organization\"},\"potentialAction\":[{\"@type\":\"SearchAction\",\"target\":{\"@type\":\"EntryPoint\",\"urlTemplate\":\"https:\/\/www.ecojardi.com\/?s={search_term_string}\"},\"query-input\":{\"@type\":\"PropertyValueSpecification\",\"valueRequired\":true,\"valueName\":\"search_term_string\"}}],\"inLanguage\":\"es\"},{\"@type\":\"Organization\",\"@id\":\"https:\/\/www.ecojardi.com\/#organization\",\"name\":\"www.ecojardi.com\",\"url\":\"https:\/\/www.ecojardi.com\/\",\"logo\":{\"@type\":\"ImageObject\",\"inLanguage\":\"es\",\"@id\":\"https:\/\/www.ecojardi.com\/#\/schema\/logo\/image\/\",\"url\":\"https:\/\/www.ecojardi.com\/wp-content\/uploads\/2024\/11\/baixa.png\",\"contentUrl\":\"https:\/\/www.ecojardi.com\/wp-content\/uploads\/2024\/11\/baixa.png\",\"width\":284,\"height\":85,\"caption\":\"www.ecojardi.com\"},\"image\":{\"@id\":\"https:\/\/www.ecojardi.com\/#\/schema\/logo\/image\/\"},\"sameAs\":[\"https:\/\/www.facebook.com\/ecojardi2\/\",\"https:\/\/www.instagram.com\/ecojardi\/\",\"https:\/\/es.pinterest.com\/ecojardi\/\",\"https:\/\/www.habitissimo.es\/ecojardi\/-588905cdb36e0\",\"https:\/\/www.houzz.es\/profesionales\/jardineros\/ecojardi-pfvwes-pf~1763485695\",\"https:\/\/www.youtube.com\/ecojardi\"]}]}<\/script>\n<!-- \/ Yoast SEO plugin. -->","yoast_head_json":{"title":"Iluminaci\u00f3n exterior - www.ecojardi.com","robots":{"index":"index","follow":"follow","max-snippet":"max-snippet:-1","max-image-preview":"max-image-preview:large","max-video-preview":"max-video-preview:-1"},"canonical":"https:\/\/www.ecojardi.com\/index.php\/iluminacion-exterior\/","og_locale":"es_ES","og_type":"article","og_title":"Iluminaci\u00f3n exterior - www.ecojardi.com","og_description":"Crea ambientes m\u00e1gicos en tu terraza. Podemos generar para ti diferentes ambientes, rom\u00e1ntico, moderno, bohemio, r\u00fastico, divertido&#8230;. Te invitamos a sumergirte en un mundo de nuevas sensaciones. Ba\u00f1a tu terraza de luz y deja que la magia de la noche te envuelva. Nuestra iluminaci\u00f3n exterior te ofrece la posibilidad de crear espacios acogedores y llenos [&hellip;]","og_url":"https:\/\/www.ecojardi.com\/index.php\/iluminacion-exterior\/","og_site_name":"www.ecojardi.com","article_publisher":"https:\/\/www.facebook.com\/ecojardi2\/","article_modified_time":"2025-03-19T11:14:57+00:00","og_image":[{"width":2048,"height":1152,"url":"https:\/\/www.ecojardi.com\/wp-content\/uploads\/2024\/11\/exteriorismo-Barcelona-7.jpg","type":"image\/jpeg"}],"twitter_card":"summary_large_image","twitter_misc":{"Tiempo de lectura":"3 minutos"},"schema":{"@context":"https:\/\/schema.org","@graph":[{"@type":"WebPage","@id":"https:\/\/www.ecojardi.com\/index.php\/iluminacion-exterior\/","url":"https:\/\/www.ecojardi.com\/index.php\/iluminacion-exterior\/","name":"Iluminaci\u00f3n exterior - www.ecojardi.com","isPartOf":{"@id":"https:\/\/www.ecojardi.com\/#website"},"primaryImageOfPage":{"@id":"https:\/\/www.ecojardi.com\/index.php\/iluminacion-exterior\/#primaryimage"},"image":{"@id":"https:\/\/www.ecojardi.com\/index.php\/iluminacion-exterior\/#primaryimage"},"thumbnailUrl":"http:\/\/www.ecojardi.com\/wp-content\/uploads\/2024\/11\/exteriorismo-Barcelona-7-1024x576.jpg","datePublished":"2024-11-20T16:51:50+00:00","dateModified":"2025-03-19T11:14:57+00:00","breadcrumb":{"@id":"https:\/\/www.ecojardi.com\/index.php\/iluminacion-exterior\/#breadcrumb"},"inLanguage":"es","potentialAction":[{"@type":"ReadAction","target":["https:\/\/www.ecojardi.com\/index.php\/iluminacion-exterior\/"]}]},{"@type":"ImageObject","inLanguage":"es","@id":"https:\/\/www.ecojardi.com\/index.php\/iluminacion-exterior\/#primaryimage","url":"https:\/\/www.ecojardi.com\/wp-content\/uploads\/2024\/11\/exteriorismo-Barcelona-7.jpg","contentUrl":"https:\/\/www.ecojardi.com\/wp-content\/uploads\/2024\/11\/exteriorismo-Barcelona-7.jpg","width":2048,"height":1152},{"@type":"BreadcrumbList","@id":"https:\/\/www.ecojardi.com\/index.php\/iluminacion-exterior\/#breadcrumb","itemListElement":[{"@type":"ListItem","position":1,"name":"Portada","item":"https:\/\/www.ecojardi.com\/"},{"@type":"ListItem","position":2,"name":"Iluminaci\u00f3n exterior"}]},{"@type":"WebSite","@id":"https:\/\/www.ecojardi.com\/#website","url":"https:\/\/www.ecojardi.com\/","name":"www.ecojardi.com","description":"Tarima exterior barcelona, Reforma de terrazas y jardines en Barcelona","publisher":{"@id":"https:\/\/www.ecojardi.com\/#organization"},"potentialAction":[{"@type":"SearchAction","target":{"@type":"EntryPoint","urlTemplate":"https:\/\/www.ecojardi.com\/?s={search_term_string}"},"query-input":{"@type":"PropertyValueSpecification","valueRequired":true,"valueName":"search_term_string"}}],"inLanguage":"es"},{"@type":"Organization","@id":"https:\/\/www.ecojardi.com\/#organization","name":"www.ecojardi.com","url":"https:\/\/www.ecojardi.com\/","logo":{"@type":"ImageObject","inLanguage":"es","@id":"https:\/\/www.ecojardi.com\/#\/schema\/logo\/image\/","url":"https:\/\/www.ecojardi.com\/wp-content\/uploads\/2024\/11\/baixa.png","contentUrl":"https:\/\/www.ecojardi.com\/wp-content\/uploads\/2024\/11\/baixa.png","width":284,"height":85,"caption":"www.ecojardi.com"},"image":{"@id":"https:\/\/www.ecojardi.com\/#\/schema\/logo\/image\/"},"sameAs":["https:\/\/www.facebook.com\/ecojardi2\/","https:\/\/www.instagram.com\/ecojardi\/","https:\/\/es.pinterest.com\/ecojardi\/","https:\/\/www.habitissimo.es\/ecojardi\/-588905cdb36e0","https:\/\/www.houzz.es\/profesionales\/jardineros\/ecojardi-pfvwes-pf~1763485695","https:\/\/www.youtube.com\/ecojardi"]}]}},"_links":{"self":[{"href":"https:\/\/www.ecojardi.com\/index.php\/wp-json\/wp\/v2\/pages\/128","targetHints":{"allow":["GET"]}}],"collection":[{"href":"https:\/\/www.ecojardi.com\/index.php\/wp-json\/wp\/v2\/pages"}],"about":[{"href":"https:\/\/www.ecojardi.com\/index.php\/wp-json\/wp\/v2\/types\/page"}],"author":[{"embeddable":true,"href":"https:\/\/www.ecojardi.com\/index.php\/wp-json\/wp\/v2\/users\/1"}],"replies":[{"embeddable":true,"href":"https:\/\/www.ecojardi.com\/index.php\/wp-json\/wp\/v2\/comments?post=128"}],"version-history":[{"count":18,"href":"https:\/\/www.ecojardi.com\/index.php\/wp-json\/wp\/v2\/pages\/128\/revisions"}],"predecessor-version":[{"id":302,"href":"https:\/\/www.ecojardi.com\/index.php\/wp-json\/wp\/v2\/pages\/128\/revisions\/302"}],"wp:attachment":[{"href":"https:\/\/www.ecojardi.com\/index.php\/wp-json\/wp\/v2\/media?parent=128"}],"curies":[{"name":"wp","href":"https:\/\/api.w.org\/{rel}","templated":true}]}}