{"id":62,"date":"2024-11-15T16:48:18","date_gmt":"2024-11-15T16:48:18","guid":{"rendered":"https:\/\/www.ecojardi.com\/?page_id=62"},"modified":"2025-04-08T17:13:51","modified_gmt":"2025-04-08T17:13:51","slug":"pergolas-barcelona","status":"publish","type":"page","link":"https:\/\/www.ecojardi.com\/index.php\/pergolas-barcelona\/","title":{"rendered":"P\u00e9rgolas Barcelona"},"content":{"rendered":"\n<figure class=\"wp-block-image size-large\"><img loading=\"lazy\" decoding=\"async\" width=\"1024\" height=\"768\" src=\"http:\/\/www.ecojardi.com\/wp-content\/uploads\/2025\/04\/Pergola-bioclimatica-Barcelona-1024x768.jpg\" alt=\"\" class=\"wp-image-385\" srcset=\"https:\/\/www.ecojardi.com\/wp-content\/uploads\/2025\/04\/Pergola-bioclimatica-Barcelona-1024x768.jpg 1024w, https:\/\/www.ecojardi.com\/wp-content\/uploads\/2025\/04\/Pergola-bioclimatica-Barcelona-300x225.jpg 300w, https:\/\/www.ecojardi.com\/wp-content\/uploads\/2025\/04\/Pergola-bioclimatica-Barcelona-768x576.jpg 768w, https:\/\/www.ecojardi.com\/wp-content\/uploads\/2025\/04\/Pergola-bioclimatica-Barcelona-1536x1152.jpg 1536w, https:\/\/www.ecojardi.com\/wp-content\/uploads\/2025\/04\/Pergola-bioclimatica-Barcelona.jpg 1600w\" sizes=\"auto, (max-width: 1024px) 100vw, 1024px\" \/><\/figure>\n\n\n\n<div class=\"wp-block-group alignwide has-global-padding is-layout-constrained wp-block-group-is-layout-constrained\">\n<h1 class=\"wp-block-heading alignwide has-text-align-center has-xx-large-font-size\" style=\"line-height:1.2\">Disponemos de una amplia gama de soluciones para el sombreo de tu terraza. <\/h1>\n<\/div>\n\n\n\n<figure class=\"wp-block-image size-large\"><img loading=\"lazy\" decoding=\"async\" width=\"1024\" height=\"768\" src=\"http:\/\/www.ecojardi.com\/wp-content\/uploads\/2025\/04\/Toldos-Barcelona-2-1024x768.jpg\" alt=\"\" class=\"wp-image-387\" srcset=\"https:\/\/www.ecojardi.com\/wp-content\/uploads\/2025\/04\/Toldos-Barcelona-2-1024x768.jpg 1024w, https:\/\/www.ecojardi.com\/wp-content\/uploads\/2025\/04\/Toldos-Barcelona-2-300x225.jpg 300w, https:\/\/www.ecojardi.com\/wp-content\/uploads\/2025\/04\/Toldos-Barcelona-2-768x576.jpg 768w, https:\/\/www.ecojardi.com\/wp-content\/uploads\/2025\/04\/Toldos-Barcelona-2-1536x1152.jpg 1536w, https:\/\/www.ecojardi.com\/wp-content\/uploads\/2025\/04\/Toldos-Barcelona-2.jpg 2048w\" sizes=\"auto, (max-width: 1024px) 100vw, 1024px\" \/><\/figure>\n\n\n\n<p class=\"has-text-align-center has-large-font-size\">Todo lo que necesites en protecci\u00f3n solar y cerramientos<\/p>\n\n\n\n<figure class=\"wp-block-image size-full\"><img loading=\"lazy\" decoding=\"async\" width=\"1024\" height=\"768\" src=\"http:\/\/www.ecojardi.com\/wp-content\/uploads\/2025\/04\/toldos-barcelona.jpg\" alt=\"\" class=\"wp-image-389\" srcset=\"https:\/\/www.ecojardi.com\/wp-content\/uploads\/2025\/04\/toldos-barcelona.jpg 1024w, https:\/\/www.ecojardi.com\/wp-content\/uploads\/2025\/04\/toldos-barcelona-300x225.jpg 300w, https:\/\/www.ecojardi.com\/wp-content\/uploads\/2025\/04\/toldos-barcelona-768x576.jpg 768w\" sizes=\"auto, (max-width: 1024px) 100vw, 1024px\" \/><\/figure>\n\n\n\n<figure class=\"wp-block-image size-large\"><img loading=\"lazy\" decoding=\"async\" width=\"1024\" height=\"576\" src=\"http:\/\/www.ecojardi.com\/wp-content\/uploads\/2025\/03\/pergola-barcelona--1024x576.jpg\" alt=\"\" class=\"wp-image-370\" srcset=\"https:\/\/www.ecojardi.com\/wp-content\/uploads\/2025\/03\/pergola-barcelona--1024x576.jpg 1024w, https:\/\/www.ecojardi.com\/wp-content\/uploads\/2025\/03\/pergola-barcelona--300x169.jpg 300w, https:\/\/www.ecojardi.com\/wp-content\/uploads\/2025\/03\/pergola-barcelona--768x432.jpg 768w, https:\/\/www.ecojardi.com\/wp-content\/uploads\/2025\/03\/pergola-barcelona--1536x864.jpg 1536w, https:\/\/www.ecojardi.com\/wp-content\/uploads\/2025\/03\/pergola-barcelona-.jpg 2000w\" sizes=\"auto, (max-width: 1024px) 100vw, 1024px\" \/><\/figure>\n\n\n\n<p class=\"has-text-align-center has-large-font-size\">Construimos p\u00e9rgolas de madera y de aluminio a medida.<\/p>\n\n\n\n<figure class=\"wp-block-image size-large\"><img loading=\"lazy\" decoding=\"async\" width=\"768\" height=\"1024\" src=\"http:\/\/www.ecojardi.com\/wp-content\/uploads\/2025\/03\/exteriorismo-barcelona-3-768x1024.jpg\" alt=\"\" class=\"wp-image-365\" srcset=\"https:\/\/www.ecojardi.com\/wp-content\/uploads\/2025\/03\/exteriorismo-barcelona-3-768x1024.jpg 768w, https:\/\/www.ecojardi.com\/wp-content\/uploads\/2025\/03\/exteriorismo-barcelona-3-225x300.jpg 225w, https:\/\/www.ecojardi.com\/wp-content\/uploads\/2025\/03\/exteriorismo-barcelona-3-1152x1536.jpg 1152w, https:\/\/www.ecojardi.com\/wp-content\/uploads\/2025\/03\/exteriorismo-barcelona-3.jpg 1536w\" sizes=\"auto, (max-width: 768px) 100vw, 768px\" \/><\/figure>\n\n\n\n<p class=\"has-text-align-center has-large-font-size\">Contamos con las mejores marcas de p\u00e9rgolas bioclim\u00e1ticas del mercado  <a href=\"https:\/\/www.corradi.eu\/es\/productos\/bioclimatics\">Corradi<\/a>, <a href=\"https:\/\/www.brustor.com\/es-es\/pergolas\/pergolas-bioclimaticas\">Brustor <\/a>o<a href=\"https:\/\/renson.net\/es-es\/productos\/pergolas\"> Renson<\/a><\/p>\n\n\n\n<figure class=\"wp-block-image size-large\"><img loading=\"lazy\" decoding=\"async\" width=\"1024\" height=\"768\" src=\"http:\/\/www.ecojardi.com\/wp-content\/uploads\/2025\/03\/exteriorismo-Barcelona-15-1024x768.jpg\" alt=\"\" class=\"wp-image-360\" srcset=\"https:\/\/www.ecojardi.com\/wp-content\/uploads\/2025\/03\/exteriorismo-Barcelona-15-1024x768.jpg 1024w, https:\/\/www.ecojardi.com\/wp-content\/uploads\/2025\/03\/exteriorismo-Barcelona-15-300x225.jpg 300w, https:\/\/www.ecojardi.com\/wp-content\/uploads\/2025\/03\/exteriorismo-Barcelona-15-768x576.jpg 768w, https:\/\/www.ecojardi.com\/wp-content\/uploads\/2025\/03\/exteriorismo-Barcelona-15-1536x1152.jpg 1536w, https:\/\/www.ecojardi.com\/wp-content\/uploads\/2025\/03\/exteriorismo-Barcelona-15.jpg 1600w\" sizes=\"auto, (max-width: 1024px) 100vw, 1024px\" \/><\/figure>\n\n\n\n<figure class=\"wp-block-image size-large\"><img loading=\"lazy\" decoding=\"async\" width=\"1024\" height=\"461\" src=\"http:\/\/www.ecojardi.com\/wp-content\/uploads\/2025\/03\/reforma-terraza-Barcelona-1024x461.jpg\" alt=\"\" class=\"wp-image-361\" srcset=\"https:\/\/www.ecojardi.com\/wp-content\/uploads\/2025\/03\/reforma-terraza-Barcelona-1024x461.jpg 1024w, https:\/\/www.ecojardi.com\/wp-content\/uploads\/2025\/03\/reforma-terraza-Barcelona-300x135.jpg 300w, https:\/\/www.ecojardi.com\/wp-content\/uploads\/2025\/03\/reforma-terraza-Barcelona-768x345.jpg 768w, https:\/\/www.ecojardi.com\/wp-content\/uploads\/2025\/03\/reforma-terraza-Barcelona-1536x691.jpg 1536w, https:\/\/www.ecojardi.com\/wp-content\/uploads\/2025\/03\/reforma-terraza-Barcelona-2048x921.jpg 2048w\" sizes=\"auto, (max-width: 1024px) 100vw, 1024px\" \/><\/figure>\n\n\n\n<figure class=\"wp-block-image size-large\"><img loading=\"lazy\" decoding=\"async\" width=\"1024\" height=\"768\" src=\"http:\/\/www.ecojardi.com\/wp-content\/uploads\/2025\/04\/Pergola-Bioclimatica-Barcelona-2-1024x768.jpg\" alt=\"\" class=\"wp-image-386\" srcset=\"https:\/\/www.ecojardi.com\/wp-content\/uploads\/2025\/04\/Pergola-Bioclimatica-Barcelona-2-1024x768.jpg 1024w, https:\/\/www.ecojardi.com\/wp-content\/uploads\/2025\/04\/Pergola-Bioclimatica-Barcelona-2-300x225.jpg 300w, https:\/\/www.ecojardi.com\/wp-content\/uploads\/2025\/04\/Pergola-Bioclimatica-Barcelona-2-768x576.jpg 768w, https:\/\/www.ecojardi.com\/wp-content\/uploads\/2025\/04\/Pergola-Bioclimatica-Barcelona-2-1536x1152.jpg 1536w, https:\/\/www.ecojardi.com\/wp-content\/uploads\/2025\/04\/Pergola-Bioclimatica-Barcelona-2.jpg 1600w\" sizes=\"auto, (max-width: 1024px) 100vw, 1024px\" \/><\/figure>\n","protected":false},"excerpt":{"rendered":"<p>Disponemos de una amplia gama de soluciones para el sombreo de tu terraza. Todo lo que necesites en protecci\u00f3n solar y cerramientos Construimos p\u00e9rgolas de madera y de aluminio a medida. Contamos con las mejores marcas de p\u00e9rgolas bioclim\u00e1ticas del mercado Corradi, Brustor o Renson<\/p>\n","protected":false},"author":1,"featured_media":0,"parent":0,"menu_order":0,"comment_status":"closed","ping_status":"closed","template":"","meta":{"om_disable_all_campaigns":false,"_monsterinsights_skip_tracking":false,"_monsterinsights_sitenote_active":false,"_monsterinsights_sitenote_note":"","_monsterinsights_sitenote_category":0,"_uf_show_specific_survey":0,"_uf_disable_surveys":false,"footnotes":""},"class_list":["post-62","page","type-page","status-publish","hentry"],"yoast_head":"<!-- This site is optimized with the Yoast SEO plugin v24.8.1 - https:\/\/yoast.com\/wordpress\/plugins\/seo\/ -->\n<title>P\u00e9rgolas Barcelona - www.ecojardi.com<\/title>\n<meta name=\"description\" content=\"Disponemos de todo tipo de soluciones para la protecci\u00f3n solar de los tuyos. P\u00e9rgolas bioclim\u00e1ticas, correderas, de madera, toldos, etc...\" \/>\n<meta name=\"robots\" content=\"index, follow, max-snippet:-1, max-image-preview:large, max-video-preview:-1\" \/>\n<link rel=\"canonical\" href=\"https:\/\/www.ecojardi.com\/index.php\/pergolas-barcelona\/\" \/>\n<meta property=\"og:locale\" content=\"es_ES\" \/>\n<meta property=\"og:type\" content=\"article\" \/>\n<meta property=\"og:title\" content=\"P\u00e9rgolas Barcelona - www.ecojardi.com\" \/>\n<meta property=\"og:description\" content=\"Disponemos de todo tipo de soluciones para la protecci\u00f3n solar de los tuyos. P\u00e9rgolas bioclim\u00e1ticas, correderas, de madera, toldos, etc...\" \/>\n<meta property=\"og:url\" content=\"https:\/\/www.ecojardi.com\/index.php\/pergolas-barcelona\/\" \/>\n<meta property=\"og:site_name\" content=\"www.ecojardi.com\" \/>\n<meta property=\"article:publisher\" content=\"https:\/\/www.facebook.com\/ecojardi2\/\" \/>\n<meta property=\"article:modified_time\" content=\"2025-04-08T17:13:51+00:00\" \/>\n<meta property=\"og:image\" content=\"https:\/\/www.ecojardi.com\/wp-content\/uploads\/2025\/04\/Pergola-bioclimatica-Barcelona.jpg\" \/>\n\t<meta property=\"og:image:width\" content=\"1600\" \/>\n\t<meta property=\"og:image:height\" content=\"1200\" \/>\n\t<meta property=\"og:image:type\" content=\"image\/jpeg\" \/>\n<meta name=\"twitter:card\" content=\"summary_large_image\" \/>\n<meta name=\"twitter:label1\" content=\"Tiempo de lectura\" \/>\n\t<meta name=\"twitter:data1\" content=\"3 minutos\" \/>\n<script type=\"application\/ld+json\" class=\"yoast-schema-graph\">{\"@context\":\"https:\/\/schema.org\",\"@graph\":[{\"@type\":\"WebPage\",\"@id\":\"https:\/\/www.ecojardi.com\/index.php\/pergolas-barcelona\/\",\"url\":\"https:\/\/www.ecojardi.com\/index.php\/pergolas-barcelona\/\",\"name\":\"P\u00e9rgolas Barcelona - www.ecojardi.com\",\"isPartOf\":{\"@id\":\"https:\/\/www.ecojardi.com\/#website\"},\"primaryImageOfPage\":{\"@id\":\"https:\/\/www.ecojardi.com\/index.php\/pergolas-barcelona\/#primaryimage\"},\"image\":{\"@id\":\"https:\/\/www.ecojardi.com\/index.php\/pergolas-barcelona\/#primaryimage\"},\"thumbnailUrl\":\"http:\/\/www.ecojardi.com\/wp-content\/uploads\/2025\/04\/Pergola-bioclimatica-Barcelona-1024x768.jpg\",\"datePublished\":\"2024-11-15T16:48:18+00:00\",\"dateModified\":\"2025-04-08T17:13:51+00:00\",\"description\":\"Disponemos de todo tipo de soluciones para la protecci\u00f3n solar de los tuyos. P\u00e9rgolas bioclim\u00e1ticas, correderas, de madera, toldos, etc...\",\"breadcrumb\":{\"@id\":\"https:\/\/www.ecojardi.com\/index.php\/pergolas-barcelona\/#breadcrumb\"},\"inLanguage\":\"es\",\"potentialAction\":[{\"@type\":\"ReadAction\",\"target\":[\"https:\/\/www.ecojardi.com\/index.php\/pergolas-barcelona\/\"]}]},{\"@type\":\"ImageObject\",\"inLanguage\":\"es\",\"@id\":\"https:\/\/www.ecojardi.com\/index.php\/pergolas-barcelona\/#primaryimage\",\"url\":\"https:\/\/www.ecojardi.com\/wp-content\/uploads\/2025\/04\/Pergola-bioclimatica-Barcelona.jpg\",\"contentUrl\":\"https:\/\/www.ecojardi.com\/wp-content\/uploads\/2025\/04\/Pergola-bioclimatica-Barcelona.jpg\",\"width\":1600,\"height\":1200,\"caption\":\"P\u00e9rgola Barcelona\"},{\"@type\":\"BreadcrumbList\",\"@id\":\"https:\/\/www.ecojardi.com\/index.php\/pergolas-barcelona\/#breadcrumb\",\"itemListElement\":[{\"@type\":\"ListItem\",\"position\":1,\"name\":\"Portada\",\"item\":\"https:\/\/www.ecojardi.com\/\"},{\"@type\":\"ListItem\",\"position\":2,\"name\":\"P\u00e9rgolas Barcelona\"}]},{\"@type\":\"WebSite\",\"@id\":\"https:\/\/www.ecojardi.com\/#website\",\"url\":\"https:\/\/www.ecojardi.com\/\",\"name\":\"www.ecojardi.com\",\"description\":\"Tarima exterior barcelona, Reforma de terrazas y jardines en Barcelona\",\"publisher\":{\"@id\":\"https:\/\/www.ecojardi.com\/#organization\"},\"potentialAction\":[{\"@type\":\"SearchAction\",\"target\":{\"@type\":\"EntryPoint\",\"urlTemplate\":\"https:\/\/www.ecojardi.com\/?s={search_term_string}\"},\"query-input\":{\"@type\":\"PropertyValueSpecification\",\"valueRequired\":true,\"valueName\":\"search_term_string\"}}],\"inLanguage\":\"es\"},{\"@type\":\"Organization\",\"@id\":\"https:\/\/www.ecojardi.com\/#organization\",\"name\":\"www.ecojardi.com\",\"url\":\"https:\/\/www.ecojardi.com\/\",\"logo\":{\"@type\":\"ImageObject\",\"inLanguage\":\"es\",\"@id\":\"https:\/\/www.ecojardi.com\/#\/schema\/logo\/image\/\",\"url\":\"https:\/\/www.ecojardi.com\/wp-content\/uploads\/2024\/11\/baixa.png\",\"contentUrl\":\"https:\/\/www.ecojardi.com\/wp-content\/uploads\/2024\/11\/baixa.png\",\"width\":284,\"height\":85,\"caption\":\"www.ecojardi.com\"},\"image\":{\"@id\":\"https:\/\/www.ecojardi.com\/#\/schema\/logo\/image\/\"},\"sameAs\":[\"https:\/\/www.facebook.com\/ecojardi2\/\",\"https:\/\/www.instagram.com\/ecojardi\/\",\"https:\/\/es.pinterest.com\/ecojardi\/\",\"https:\/\/www.habitissimo.es\/ecojardi\/-588905cdb36e0\",\"https:\/\/www.houzz.es\/profesionales\/jardineros\/ecojardi-pfvwes-pf~1763485695\",\"https:\/\/www.youtube.com\/ecojardi\"]}]}<\/script>\n<!-- \/ Yoast SEO plugin. -->","yoast_head_json":{"title":"P\u00e9rgolas Barcelona - www.ecojardi.com","description":"Disponemos de todo tipo de soluciones para la protecci\u00f3n solar de los tuyos. P\u00e9rgolas bioclim\u00e1ticas, correderas, de madera, toldos, etc...","robots":{"index":"index","follow":"follow","max-snippet":"max-snippet:-1","max-image-preview":"max-image-preview:large","max-video-preview":"max-video-preview:-1"},"canonical":"https:\/\/www.ecojardi.com\/index.php\/pergolas-barcelona\/","og_locale":"es_ES","og_type":"article","og_title":"P\u00e9rgolas Barcelona - www.ecojardi.com","og_description":"Disponemos de todo tipo de soluciones para la protecci\u00f3n solar de los tuyos. P\u00e9rgolas bioclim\u00e1ticas, correderas, de madera, toldos, etc...","og_url":"https:\/\/www.ecojardi.com\/index.php\/pergolas-barcelona\/","og_site_name":"www.ecojardi.com","article_publisher":"https:\/\/www.facebook.com\/ecojardi2\/","article_modified_time":"2025-04-08T17:13:51+00:00","og_image":[{"width":1600,"height":1200,"url":"https:\/\/www.ecojardi.com\/wp-content\/uploads\/2025\/04\/Pergola-bioclimatica-Barcelona.jpg","type":"image\/jpeg"}],"twitter_card":"summary_large_image","twitter_misc":{"Tiempo de lectura":"3 minutos"},"schema":{"@context":"https:\/\/schema.org","@graph":[{"@type":"WebPage","@id":"https:\/\/www.ecojardi.com\/index.php\/pergolas-barcelona\/","url":"https:\/\/www.ecojardi.com\/index.php\/pergolas-barcelona\/","name":"P\u00e9rgolas Barcelona - www.ecojardi.com","isPartOf":{"@id":"https:\/\/www.ecojardi.com\/#website"},"primaryImageOfPage":{"@id":"https:\/\/www.ecojardi.com\/index.php\/pergolas-barcelona\/#primaryimage"},"image":{"@id":"https:\/\/www.ecojardi.com\/index.php\/pergolas-barcelona\/#primaryimage"},"thumbnailUrl":"http:\/\/www.ecojardi.com\/wp-content\/uploads\/2025\/04\/Pergola-bioclimatica-Barcelona-1024x768.jpg","datePublished":"2024-11-15T16:48:18+00:00","dateModified":"2025-04-08T17:13:51+00:00","description":"Disponemos de todo tipo de soluciones para la protecci\u00f3n solar de los tuyos. P\u00e9rgolas bioclim\u00e1ticas, correderas, de madera, toldos, etc...","breadcrumb":{"@id":"https:\/\/www.ecojardi.com\/index.php\/pergolas-barcelona\/#breadcrumb"},"inLanguage":"es","potentialAction":[{"@type":"ReadAction","target":["https:\/\/www.ecojardi.com\/index.php\/pergolas-barcelona\/"]}]},{"@type":"ImageObject","inLanguage":"es","@id":"https:\/\/www.ecojardi.com\/index.php\/pergolas-barcelona\/#primaryimage","url":"https:\/\/www.ecojardi.com\/wp-content\/uploads\/2025\/04\/Pergola-bioclimatica-Barcelona.jpg","contentUrl":"https:\/\/www.ecojardi.com\/wp-content\/uploads\/2025\/04\/Pergola-bioclimatica-Barcelona.jpg","width":1600,"height":1200,"caption":"P\u00e9rgola Barcelona"},{"@type":"BreadcrumbList","@id":"https:\/\/www.ecojardi.com\/index.php\/pergolas-barcelona\/#breadcrumb","itemListElement":[{"@type":"ListItem","position":1,"name":"Portada","item":"https:\/\/www.ecojardi.com\/"},{"@type":"ListItem","position":2,"name":"P\u00e9rgolas Barcelona"}]},{"@type":"WebSite","@id":"https:\/\/www.ecojardi.com\/#website","url":"https:\/\/www.ecojardi.com\/","name":"www.ecojardi.com","description":"Tarima exterior barcelona, Reforma de terrazas y jardines en Barcelona","publisher":{"@id":"https:\/\/www.ecojardi.com\/#organization"},"potentialAction":[{"@type":"SearchAction","target":{"@type":"EntryPoint","urlTemplate":"https:\/\/www.ecojardi.com\/?s={search_term_string}"},"query-input":{"@type":"PropertyValueSpecification","valueRequired":true,"valueName":"search_term_string"}}],"inLanguage":"es"},{"@type":"Organization","@id":"https:\/\/www.ecojardi.com\/#organization","name":"www.ecojardi.com","url":"https:\/\/www.ecojardi.com\/","logo":{"@type":"ImageObject","inLanguage":"es","@id":"https:\/\/www.ecojardi.com\/#\/schema\/logo\/image\/","url":"https:\/\/www.ecojardi.com\/wp-content\/uploads\/2024\/11\/baixa.png","contentUrl":"https:\/\/www.ecojardi.com\/wp-content\/uploads\/2024\/11\/baixa.png","width":284,"height":85,"caption":"www.ecojardi.com"},"image":{"@id":"https:\/\/www.ecojardi.com\/#\/schema\/logo\/image\/"},"sameAs":["https:\/\/www.facebook.com\/ecojardi2\/","https:\/\/www.instagram.com\/ecojardi\/","https:\/\/es.pinterest.com\/ecojardi\/","https:\/\/www.habitissimo.es\/ecojardi\/-588905cdb36e0","https:\/\/www.houzz.es\/profesionales\/jardineros\/ecojardi-pfvwes-pf~1763485695","https:\/\/www.youtube.com\/ecojardi"]}]}},"_links":{"self":[{"href":"https:\/\/www.ecojardi.com\/index.php\/wp-json\/wp\/v2\/pages\/62","targetHints":{"allow":["GET"]}}],"collection":[{"href":"https:\/\/www.ecojardi.com\/index.php\/wp-json\/wp\/v2\/pages"}],"about":[{"href":"https:\/\/www.ecojardi.com\/index.php\/wp-json\/wp\/v2\/types\/page"}],"author":[{"embeddable":true,"href":"https:\/\/www.ecojardi.com\/index.php\/wp-json\/wp\/v2\/users\/1"}],"replies":[{"embeddable":true,"href":"https:\/\/www.ecojardi.com\/index.php\/wp-json\/wp\/v2\/comments?post=62"}],"version-history":[{"count":8,"href":"https:\/\/www.ecojardi.com\/index.php\/wp-json\/wp\/v2\/pages\/62\/revisions"}],"predecessor-version":[{"id":403,"href":"https:\/\/www.ecojardi.com\/index.php\/wp-json\/wp\/v2\/pages\/62\/revisions\/403"}],"wp:attachment":[{"href":"https:\/\/www.ecojardi.com\/index.php\/wp-json\/wp\/v2\/media?parent=62"}],"curies":[{"name":"wp","href":"https:\/\/api.w.org\/{rel}","templated":true}]}}