{"id":63,"date":"2024-11-15T16:48:29","date_gmt":"2024-11-15T16:48:29","guid":{"rendered":"https:\/\/www.ecojardi.com\/?page_id=63"},"modified":"2025-04-08T17:06:11","modified_gmt":"2025-04-08T17:06:11","slug":"diseno-3d","status":"publish","type":"page","link":"https:\/\/www.ecojardi.com\/index.php\/diseno-3d\/","title":{"rendered":"Reforma terraza Barcelona"},"content":{"rendered":"\n<figure class=\"wp-block-image size-large\"><img loading=\"lazy\" decoding=\"async\" width=\"1024\" height=\"768\" src=\"https:\/\/www.ecojardi.com\/wp-content\/uploads\/2025\/03\/mueble-exterior-Barcelona-8-1024x768.jpg\" alt=\"\" class=\"wp-image-362\" srcset=\"https:\/\/www.ecojardi.com\/wp-content\/uploads\/2025\/03\/mueble-exterior-Barcelona-8-1024x768.jpg 1024w, https:\/\/www.ecojardi.com\/wp-content\/uploads\/2025\/03\/mueble-exterior-Barcelona-8-300x225.jpg 300w, https:\/\/www.ecojardi.com\/wp-content\/uploads\/2025\/03\/mueble-exterior-Barcelona-8-768x576.jpg 768w, https:\/\/www.ecojardi.com\/wp-content\/uploads\/2025\/03\/mueble-exterior-Barcelona-8-1536x1152.jpg 1536w, https:\/\/www.ecojardi.com\/wp-content\/uploads\/2025\/03\/mueble-exterior-Barcelona-8.jpg 1600w\" sizes=\"auto, (max-width: 1024px) 100vw, 1024px\" \/><\/figure>\n\n\n\n<div class=\"wp-block-group alignwide has-global-padding is-layout-constrained wp-block-group-is-layout-constrained\">\n<h1 class=\"wp-block-heading alignwide has-text-align-center has-xx-large-font-size\" style=\"line-height:1.2\">Tu terraza, tu refugio. Creamos espacios \u00fanicos en Barcelona<\/h1>\n<\/div>\n\n\n\n<figure class=\"wp-block-image size-large\"><img loading=\"lazy\" decoding=\"async\" width=\"718\" height=\"1024\" src=\"https:\/\/www.ecojardi.com\/wp-content\/uploads\/2025\/03\/exteriorismo-Barcelona-2-718x1024.jpg\" alt=\"\" class=\"wp-image-363\" srcset=\"https:\/\/www.ecojardi.com\/wp-content\/uploads\/2025\/03\/exteriorismo-Barcelona-2-718x1024.jpg 718w, https:\/\/www.ecojardi.com\/wp-content\/uploads\/2025\/03\/exteriorismo-Barcelona-2-210x300.jpg 210w, https:\/\/www.ecojardi.com\/wp-content\/uploads\/2025\/03\/exteriorismo-Barcelona-2-768x1095.jpg 768w, https:\/\/www.ecojardi.com\/wp-content\/uploads\/2025\/03\/exteriorismo-Barcelona-2-1077x1536.jpg 1077w, https:\/\/www.ecojardi.com\/wp-content\/uploads\/2025\/03\/exteriorismo-Barcelona-2.jpg 1122w\" sizes=\"auto, (max-width: 718px) 100vw, 718px\" \/><\/figure>\n\n\n\n<p>Nos encanta crear espacios para toda la familia, lugares donde disfrutar de privacidad con la mejor calidad de vida posible.<\/p>\n\n\n\n<figure class=\"wp-block-image size-large\"><img loading=\"lazy\" decoding=\"async\" width=\"1024\" height=\"461\" src=\"https:\/\/www.ecojardi.com\/wp-content\/uploads\/2025\/03\/exteriorismo-Barcelona-17-1024x461.jpg\" alt=\"\" class=\"wp-image-364\" srcset=\"https:\/\/www.ecojardi.com\/wp-content\/uploads\/2025\/03\/exteriorismo-Barcelona-17-1024x461.jpg 1024w, https:\/\/www.ecojardi.com\/wp-content\/uploads\/2025\/03\/exteriorismo-Barcelona-17-300x135.jpg 300w, https:\/\/www.ecojardi.com\/wp-content\/uploads\/2025\/03\/exteriorismo-Barcelona-17-768x345.jpg 768w, https:\/\/www.ecojardi.com\/wp-content\/uploads\/2025\/03\/exteriorismo-Barcelona-17-1536x691.jpg 1536w, https:\/\/www.ecojardi.com\/wp-content\/uploads\/2025\/03\/exteriorismo-Barcelona-17.jpg 2048w\" sizes=\"auto, (max-width: 1024px) 100vw, 1024px\" \/><\/figure>\n\n\n\n<figure class=\"wp-block-image size-large\"><img loading=\"lazy\" decoding=\"async\" width=\"768\" height=\"1024\" src=\"https:\/\/www.ecojardi.com\/wp-content\/uploads\/2025\/03\/exteriorismo-barcelona-3-768x1024.jpg\" alt=\"\" class=\"wp-image-365\" srcset=\"https:\/\/www.ecojardi.com\/wp-content\/uploads\/2025\/03\/exteriorismo-barcelona-3-768x1024.jpg 768w, https:\/\/www.ecojardi.com\/wp-content\/uploads\/2025\/03\/exteriorismo-barcelona-3-225x300.jpg 225w, https:\/\/www.ecojardi.com\/wp-content\/uploads\/2025\/03\/exteriorismo-barcelona-3-1152x1536.jpg 1152w, https:\/\/www.ecojardi.com\/wp-content\/uploads\/2025\/03\/exteriorismo-barcelona-3.jpg 1536w\" sizes=\"auto, (max-width: 768px) 100vw, 768px\" \/><\/figure>\n\n\n\n<figure class=\"wp-block-image size-large\"><img loading=\"lazy\" decoding=\"async\" width=\"1024\" height=\"462\" src=\"https:\/\/www.ecojardi.com\/wp-content\/uploads\/2025\/03\/exteriorismo-Barcelona-18-1024x462.jpg\" alt=\"\" class=\"wp-image-366\" srcset=\"https:\/\/www.ecojardi.com\/wp-content\/uploads\/2025\/03\/exteriorismo-Barcelona-18-1024x462.jpg 1024w, https:\/\/www.ecojardi.com\/wp-content\/uploads\/2025\/03\/exteriorismo-Barcelona-18-300x135.jpg 300w, https:\/\/www.ecojardi.com\/wp-content\/uploads\/2025\/03\/exteriorismo-Barcelona-18-768x346.jpg 768w, https:\/\/www.ecojardi.com\/wp-content\/uploads\/2025\/03\/exteriorismo-Barcelona-18-1536x692.jpg 1536w, https:\/\/www.ecojardi.com\/wp-content\/uploads\/2025\/03\/exteriorismo-Barcelona-18.jpg 2048w\" sizes=\"auto, (max-width: 1024px) 100vw, 1024px\" \/><\/figure>\n\n\n\n<p>Nos encargamos de la selecci\u00f3n de plantas, del riego, la iluminaci\u00f3n, los muebles, la protecci\u00f3n solar&#8230; de todo para el disfrute de la naturaleza.<\/p>\n\n\n\n<figure class=\"wp-block-image size-large\"><img loading=\"lazy\" decoding=\"async\" width=\"1024\" height=\"461\" src=\"https:\/\/www.ecojardi.com\/wp-content\/uploads\/2025\/03\/pergola-barcelona-3-1024x461.jpg\" alt=\"\" class=\"wp-image-367\" srcset=\"https:\/\/www.ecojardi.com\/wp-content\/uploads\/2025\/03\/pergola-barcelona-3-1024x461.jpg 1024w, https:\/\/www.ecojardi.com\/wp-content\/uploads\/2025\/03\/pergola-barcelona-3-300x135.jpg 300w, https:\/\/www.ecojardi.com\/wp-content\/uploads\/2025\/03\/pergola-barcelona-3-768x345.jpg 768w, https:\/\/www.ecojardi.com\/wp-content\/uploads\/2025\/03\/pergola-barcelona-3-1536x691.jpg 1536w, https:\/\/www.ecojardi.com\/wp-content\/uploads\/2025\/03\/pergola-barcelona-3.jpg 2048w\" sizes=\"auto, (max-width: 1024px) 100vw, 1024px\" \/><\/figure>\n\n\n\n<figure class=\"wp-block-image size-large\"><img loading=\"lazy\" decoding=\"async\" width=\"1024\" height=\"417\" src=\"https:\/\/www.ecojardi.com\/wp-content\/uploads\/2025\/03\/exteriorismo-Barcelona-25-1024x417.jpg\" alt=\"\" class=\"wp-image-369\" srcset=\"https:\/\/www.ecojardi.com\/wp-content\/uploads\/2025\/03\/exteriorismo-Barcelona-25-1024x417.jpg 1024w, https:\/\/www.ecojardi.com\/wp-content\/uploads\/2025\/03\/exteriorismo-Barcelona-25-300x122.jpg 300w, https:\/\/www.ecojardi.com\/wp-content\/uploads\/2025\/03\/exteriorismo-Barcelona-25-768x313.jpg 768w, https:\/\/www.ecojardi.com\/wp-content\/uploads\/2025\/03\/exteriorismo-Barcelona-25.jpg 1200w\" sizes=\"auto, (max-width: 1024px) 100vw, 1024px\" \/><\/figure>\n\n\n\n<figure class=\"wp-block-image size-large\"><img loading=\"lazy\" decoding=\"async\" width=\"1024\" height=\"576\" src=\"https:\/\/www.ecojardi.com\/wp-content\/uploads\/2025\/03\/pergola-barcelona--1024x576.jpg\" alt=\"\" class=\"wp-image-370\" srcset=\"https:\/\/www.ecojardi.com\/wp-content\/uploads\/2025\/03\/pergola-barcelona--1024x576.jpg 1024w, https:\/\/www.ecojardi.com\/wp-content\/uploads\/2025\/03\/pergola-barcelona--300x169.jpg 300w, https:\/\/www.ecojardi.com\/wp-content\/uploads\/2025\/03\/pergola-barcelona--768x432.jpg 768w, https:\/\/www.ecojardi.com\/wp-content\/uploads\/2025\/03\/pergola-barcelona--1536x864.jpg 1536w, https:\/\/www.ecojardi.com\/wp-content\/uploads\/2025\/03\/pergola-barcelona-.jpg 2000w\" sizes=\"auto, (max-width: 1024px) 100vw, 1024px\" \/><\/figure>\n\n\n\n<p class=\"has-text-align-center\">Todos nuestros materiales y las marcas que nos apoyan cumplen con las m\u00e1ximas calidades de productos de exterior sin mantenimiento.<\/p>\n\n\n\n<figure class=\"wp-block-image size-large\"><img loading=\"lazy\" decoding=\"async\" width=\"1024\" height=\"576\" src=\"https:\/\/www.ecojardi.com\/wp-content\/uploads\/2025\/03\/tarima-exterior-Barcelona-8-1024x576.jpg\" alt=\"\" class=\"wp-image-371\" srcset=\"https:\/\/www.ecojardi.com\/wp-content\/uploads\/2025\/03\/tarima-exterior-Barcelona-8-1024x576.jpg 1024w, https:\/\/www.ecojardi.com\/wp-content\/uploads\/2025\/03\/tarima-exterior-Barcelona-8-300x169.jpg 300w, https:\/\/www.ecojardi.com\/wp-content\/uploads\/2025\/03\/tarima-exterior-Barcelona-8-768x432.jpg 768w, https:\/\/www.ecojardi.com\/wp-content\/uploads\/2025\/03\/tarima-exterior-Barcelona-8-1536x864.jpg 1536w, https:\/\/www.ecojardi.com\/wp-content\/uploads\/2025\/03\/tarima-exterior-Barcelona-8.jpg 2016w\" sizes=\"auto, (max-width: 1024px) 100vw, 1024px\" \/><\/figure>\n\n\n\n<figure class=\"wp-block-image size-large\"><img loading=\"lazy\" decoding=\"async\" width=\"1024\" height=\"768\" src=\"https:\/\/www.ecojardi.com\/wp-content\/uploads\/2025\/03\/tarima-exterior-Barcelona-16-1024x768.jpg\" alt=\"\" class=\"wp-image-372\" srcset=\"https:\/\/www.ecojardi.com\/wp-content\/uploads\/2025\/03\/tarima-exterior-Barcelona-16-1024x768.jpg 1024w, https:\/\/www.ecojardi.com\/wp-content\/uploads\/2025\/03\/tarima-exterior-Barcelona-16-300x225.jpg 300w, https:\/\/www.ecojardi.com\/wp-content\/uploads\/2025\/03\/tarima-exterior-Barcelona-16-768x576.jpg 768w, https:\/\/www.ecojardi.com\/wp-content\/uploads\/2025\/03\/tarima-exterior-Barcelona-16-1536x1152.jpg 1536w, https:\/\/www.ecojardi.com\/wp-content\/uploads\/2025\/03\/tarima-exterior-Barcelona-16.jpg 1600w\" sizes=\"auto, (max-width: 1024px) 100vw, 1024px\" \/><\/figure>\n\n\n\n<figure class=\"wp-block-image size-full\"><img loading=\"lazy\" decoding=\"async\" width=\"1024\" height=\"768\" src=\"https:\/\/www.ecojardi.com\/wp-content\/uploads\/2025\/03\/iluminacion-exterior-Barcelona-Ecojardi-4.jpg\" alt=\"\" class=\"wp-image-373\" srcset=\"https:\/\/www.ecojardi.com\/wp-content\/uploads\/2025\/03\/iluminacion-exterior-Barcelona-Ecojardi-4.jpg 1024w, https:\/\/www.ecojardi.com\/wp-content\/uploads\/2025\/03\/iluminacion-exterior-Barcelona-Ecojardi-4-300x225.jpg 300w, https:\/\/www.ecojardi.com\/wp-content\/uploads\/2025\/03\/iluminacion-exterior-Barcelona-Ecojardi-4-768x576.jpg 768w\" sizes=\"auto, (max-width: 1024px) 100vw, 1024px\" \/><\/figure>\n\n\n\n<figure class=\"wp-block-image size-full\"><img loading=\"lazy\" decoding=\"async\" width=\"768\" height=\"1024\" src=\"http:\/\/www.ecojardi.com\/wp-content\/uploads\/2025\/04\/iluminacion-exterior-Barcelona-Ecojardi-2.jpg\" alt=\"\" class=\"wp-image-411\" srcset=\"https:\/\/www.ecojardi.com\/wp-content\/uploads\/2025\/04\/iluminacion-exterior-Barcelona-Ecojardi-2.jpg 768w, https:\/\/www.ecojardi.com\/wp-content\/uploads\/2025\/04\/iluminacion-exterior-Barcelona-Ecojardi-2-225x300.jpg 225w\" sizes=\"auto, (max-width: 768px) 100vw, 768px\" \/><\/figure>\n\n\n\n<figure class=\"wp-block-image size-large\"><img loading=\"lazy\" decoding=\"async\" width=\"1024\" height=\"576\" src=\"http:\/\/www.ecojardi.com\/wp-content\/uploads\/2025\/04\/exteriorismo-Barcelona-1-1024x576.jpg\" alt=\"\" class=\"wp-image-412\" srcset=\"https:\/\/www.ecojardi.com\/wp-content\/uploads\/2025\/04\/exteriorismo-Barcelona-1-1024x576.jpg 1024w, https:\/\/www.ecojardi.com\/wp-content\/uploads\/2025\/04\/exteriorismo-Barcelona-1-300x169.jpg 300w, https:\/\/www.ecojardi.com\/wp-content\/uploads\/2025\/04\/exteriorismo-Barcelona-1-768x432.jpg 768w, https:\/\/www.ecojardi.com\/wp-content\/uploads\/2025\/04\/exteriorismo-Barcelona-1-1536x864.jpg 1536w, https:\/\/www.ecojardi.com\/wp-content\/uploads\/2025\/04\/exteriorismo-Barcelona-1.jpg 2000w\" sizes=\"auto, (max-width: 1024px) 100vw, 1024px\" \/><\/figure>\n\n\n\n<figure class=\"wp-block-image size-large\"><img loading=\"lazy\" decoding=\"async\" width=\"1024\" height=\"484\" src=\"http:\/\/www.ecojardi.com\/wp-content\/uploads\/2025\/04\/exteriorismo-barcelona-4-1024x484.jpg\" alt=\"\" class=\"wp-image-413\" srcset=\"https:\/\/www.ecojardi.com\/wp-content\/uploads\/2025\/04\/exteriorismo-barcelona-4-1024x484.jpg 1024w, https:\/\/www.ecojardi.com\/wp-content\/uploads\/2025\/04\/exteriorismo-barcelona-4-300x142.jpg 300w, https:\/\/www.ecojardi.com\/wp-content\/uploads\/2025\/04\/exteriorismo-barcelona-4-768x363.jpg 768w, https:\/\/www.ecojardi.com\/wp-content\/uploads\/2025\/04\/exteriorismo-barcelona-4-1536x727.jpg 1536w, https:\/\/www.ecojardi.com\/wp-content\/uploads\/2025\/04\/exteriorismo-barcelona-4.jpg 1600w\" sizes=\"auto, (max-width: 1024px) 100vw, 1024px\" \/><\/figure>\n\n\n\n<figure class=\"wp-block-image size-large\"><img loading=\"lazy\" decoding=\"async\" width=\"1024\" height=\"460\" src=\"http:\/\/www.ecojardi.com\/wp-content\/uploads\/2025\/04\/mueble-exterior-Barcelona-2-1024x460.jpg\" alt=\"\" class=\"wp-image-414\" srcset=\"https:\/\/www.ecojardi.com\/wp-content\/uploads\/2025\/04\/mueble-exterior-Barcelona-2-1024x460.jpg 1024w, https:\/\/www.ecojardi.com\/wp-content\/uploads\/2025\/04\/mueble-exterior-Barcelona-2-300x135.jpg 300w, https:\/\/www.ecojardi.com\/wp-content\/uploads\/2025\/04\/mueble-exterior-Barcelona-2-768x345.jpg 768w, https:\/\/www.ecojardi.com\/wp-content\/uploads\/2025\/04\/mueble-exterior-Barcelona-2-1536x690.jpg 1536w, https:\/\/www.ecojardi.com\/wp-content\/uploads\/2025\/04\/mueble-exterior-Barcelona-2.jpg 1600w\" sizes=\"auto, (max-width: 1024px) 100vw, 1024px\" \/><\/figure>\n\n\n\n<figure class=\"wp-block-image size-large\"><img loading=\"lazy\" decoding=\"async\" width=\"1024\" height=\"461\" src=\"http:\/\/www.ecojardi.com\/wp-content\/uploads\/2025\/04\/exteriorismo-Barcelona-13-1024x461.jpg\" alt=\"\" class=\"wp-image-415\" srcset=\"https:\/\/www.ecojardi.com\/wp-content\/uploads\/2025\/04\/exteriorismo-Barcelona-13-1024x461.jpg 1024w, https:\/\/www.ecojardi.com\/wp-content\/uploads\/2025\/04\/exteriorismo-Barcelona-13-300x135.jpg 300w, https:\/\/www.ecojardi.com\/wp-content\/uploads\/2025\/04\/exteriorismo-Barcelona-13-768x345.jpg 768w, https:\/\/www.ecojardi.com\/wp-content\/uploads\/2025\/04\/exteriorismo-Barcelona-13-1536x691.jpg 1536w, https:\/\/www.ecojardi.com\/wp-content\/uploads\/2025\/04\/exteriorismo-Barcelona-13.jpg 2048w\" sizes=\"auto, (max-width: 1024px) 100vw, 1024px\" \/><\/figure>\n","protected":false},"excerpt":{"rendered":"<p>Tu terraza, tu refugio. Creamos espacios \u00fanicos en Barcelona Nos encanta crear espacios para toda la familia, lugares donde disfrutar de privacidad con la mejor calidad de vida posible. Nos encargamos de la selecci\u00f3n de plantas, del riego, la iluminaci\u00f3n, los muebles, la protecci\u00f3n solar&#8230; de todo para el disfrute de la naturaleza. Todos nuestros [&hellip;]<\/p>\n","protected":false},"author":1,"featured_media":0,"parent":0,"menu_order":0,"comment_status":"closed","ping_status":"closed","template":"","meta":{"om_disable_all_campaigns":false,"_monsterinsights_skip_tracking":false,"_monsterinsights_sitenote_active":false,"_monsterinsights_sitenote_note":"","_monsterinsights_sitenote_category":0,"_uf_show_specific_survey":0,"_uf_disable_surveys":false,"footnotes":""},"class_list":["post-63","page","type-page","status-publish","hentry"],"yoast_head":"<!-- This site is optimized with the Yoast SEO plugin v24.8.1 - https:\/\/yoast.com\/wordpress\/plugins\/seo\/ -->\n<title>Reforma terraza Barcelona - www.ecojardi.com<\/title>\n<meta name=\"description\" content=\"Nos encargamos de todo para hacer la reforma de tu terraza en Barcelona. Creamos espacios llenos de naturaleza y tranquilidad.\" \/>\n<meta name=\"robots\" content=\"index, follow, max-snippet:-1, max-image-preview:large, max-video-preview:-1\" \/>\n<link rel=\"canonical\" href=\"https:\/\/www.ecojardi.com\/index.php\/diseno-3d\/\" \/>\n<meta property=\"og:locale\" content=\"es_ES\" \/>\n<meta property=\"og:type\" content=\"article\" \/>\n<meta property=\"og:title\" content=\"Reforma terraza Barcelona - www.ecojardi.com\" \/>\n<meta property=\"og:description\" content=\"Nos encargamos de todo para hacer la reforma de tu terraza en Barcelona. Creamos espacios llenos de naturaleza y tranquilidad.\" \/>\n<meta property=\"og:url\" content=\"https:\/\/www.ecojardi.com\/index.php\/diseno-3d\/\" \/>\n<meta property=\"og:site_name\" content=\"www.ecojardi.com\" \/>\n<meta property=\"article:publisher\" content=\"https:\/\/www.facebook.com\/ecojardi2\/\" \/>\n<meta property=\"article:modified_time\" content=\"2025-04-08T17:06:11+00:00\" \/>\n<meta property=\"og:image\" content=\"https:\/\/www.ecojardi.com\/wp-content\/uploads\/2025\/03\/mueble-exterior-Barcelona-8.jpg\" \/>\n\t<meta property=\"og:image:width\" content=\"1600\" \/>\n\t<meta property=\"og:image:height\" content=\"1200\" \/>\n\t<meta property=\"og:image:type\" content=\"image\/jpeg\" \/>\n<meta name=\"twitter:card\" content=\"summary_large_image\" \/>\n<meta name=\"twitter:label1\" content=\"Tiempo de lectura\" \/>\n\t<meta name=\"twitter:data1\" content=\"4 minutos\" \/>\n<script type=\"application\/ld+json\" class=\"yoast-schema-graph\">{\"@context\":\"https:\/\/schema.org\",\"@graph\":[{\"@type\":\"WebPage\",\"@id\":\"https:\/\/www.ecojardi.com\/index.php\/diseno-3d\/\",\"url\":\"https:\/\/www.ecojardi.com\/index.php\/diseno-3d\/\",\"name\":\"Reforma terraza Barcelona - www.ecojardi.com\",\"isPartOf\":{\"@id\":\"https:\/\/www.ecojardi.com\/#website\"},\"primaryImageOfPage\":{\"@id\":\"https:\/\/www.ecojardi.com\/index.php\/diseno-3d\/#primaryimage\"},\"image\":{\"@id\":\"https:\/\/www.ecojardi.com\/index.php\/diseno-3d\/#primaryimage\"},\"thumbnailUrl\":\"https:\/\/www.ecojardi.com\/wp-content\/uploads\/2025\/03\/mueble-exterior-Barcelona-8-1024x768.jpg\",\"datePublished\":\"2024-11-15T16:48:29+00:00\",\"dateModified\":\"2025-04-08T17:06:11+00:00\",\"description\":\"Nos encargamos de todo para hacer la reforma de tu terraza en Barcelona. Creamos espacios llenos de naturaleza y tranquilidad.\",\"breadcrumb\":{\"@id\":\"https:\/\/www.ecojardi.com\/index.php\/diseno-3d\/#breadcrumb\"},\"inLanguage\":\"es\",\"potentialAction\":[{\"@type\":\"ReadAction\",\"target\":[\"https:\/\/www.ecojardi.com\/index.php\/diseno-3d\/\"]}]},{\"@type\":\"ImageObject\",\"inLanguage\":\"es\",\"@id\":\"https:\/\/www.ecojardi.com\/index.php\/diseno-3d\/#primaryimage\",\"url\":\"https:\/\/www.ecojardi.com\/wp-content\/uploads\/2025\/03\/mueble-exterior-Barcelona-8.jpg\",\"contentUrl\":\"https:\/\/www.ecojardi.com\/wp-content\/uploads\/2025\/03\/mueble-exterior-Barcelona-8.jpg\",\"width\":1600,\"height\":1200},{\"@type\":\"BreadcrumbList\",\"@id\":\"https:\/\/www.ecojardi.com\/index.php\/diseno-3d\/#breadcrumb\",\"itemListElement\":[{\"@type\":\"ListItem\",\"position\":1,\"name\":\"Portada\",\"item\":\"https:\/\/www.ecojardi.com\/\"},{\"@type\":\"ListItem\",\"position\":2,\"name\":\"Reforma terraza Barcelona\"}]},{\"@type\":\"WebSite\",\"@id\":\"https:\/\/www.ecojardi.com\/#website\",\"url\":\"https:\/\/www.ecojardi.com\/\",\"name\":\"www.ecojardi.com\",\"description\":\"Tarima exterior barcelona, Reforma de terrazas y jardines en Barcelona\",\"publisher\":{\"@id\":\"https:\/\/www.ecojardi.com\/#organization\"},\"potentialAction\":[{\"@type\":\"SearchAction\",\"target\":{\"@type\":\"EntryPoint\",\"urlTemplate\":\"https:\/\/www.ecojardi.com\/?s={search_term_string}\"},\"query-input\":{\"@type\":\"PropertyValueSpecification\",\"valueRequired\":true,\"valueName\":\"search_term_string\"}}],\"inLanguage\":\"es\"},{\"@type\":\"Organization\",\"@id\":\"https:\/\/www.ecojardi.com\/#organization\",\"name\":\"www.ecojardi.com\",\"url\":\"https:\/\/www.ecojardi.com\/\",\"logo\":{\"@type\":\"ImageObject\",\"inLanguage\":\"es\",\"@id\":\"https:\/\/www.ecojardi.com\/#\/schema\/logo\/image\/\",\"url\":\"https:\/\/www.ecojardi.com\/wp-content\/uploads\/2024\/11\/baixa.png\",\"contentUrl\":\"https:\/\/www.ecojardi.com\/wp-content\/uploads\/2024\/11\/baixa.png\",\"width\":284,\"height\":85,\"caption\":\"www.ecojardi.com\"},\"image\":{\"@id\":\"https:\/\/www.ecojardi.com\/#\/schema\/logo\/image\/\"},\"sameAs\":[\"https:\/\/www.facebook.com\/ecojardi2\/\",\"https:\/\/www.instagram.com\/ecojardi\/\",\"https:\/\/es.pinterest.com\/ecojardi\/\",\"https:\/\/www.habitissimo.es\/ecojardi\/-588905cdb36e0\",\"https:\/\/www.houzz.es\/profesionales\/jardineros\/ecojardi-pfvwes-pf~1763485695\",\"https:\/\/www.youtube.com\/ecojardi\"]}]}<\/script>\n<!-- \/ Yoast SEO plugin. -->","yoast_head_json":{"title":"Reforma terraza Barcelona - www.ecojardi.com","description":"Nos encargamos de todo para hacer la reforma de tu terraza en Barcelona. Creamos espacios llenos de naturaleza y tranquilidad.","robots":{"index":"index","follow":"follow","max-snippet":"max-snippet:-1","max-image-preview":"max-image-preview:large","max-video-preview":"max-video-preview:-1"},"canonical":"https:\/\/www.ecojardi.com\/index.php\/diseno-3d\/","og_locale":"es_ES","og_type":"article","og_title":"Reforma terraza Barcelona - www.ecojardi.com","og_description":"Nos encargamos de todo para hacer la reforma de tu terraza en Barcelona. Creamos espacios llenos de naturaleza y tranquilidad.","og_url":"https:\/\/www.ecojardi.com\/index.php\/diseno-3d\/","og_site_name":"www.ecojardi.com","article_publisher":"https:\/\/www.facebook.com\/ecojardi2\/","article_modified_time":"2025-04-08T17:06:11+00:00","og_image":[{"width":1600,"height":1200,"url":"https:\/\/www.ecojardi.com\/wp-content\/uploads\/2025\/03\/mueble-exterior-Barcelona-8.jpg","type":"image\/jpeg"}],"twitter_card":"summary_large_image","twitter_misc":{"Tiempo de lectura":"4 minutos"},"schema":{"@context":"https:\/\/schema.org","@graph":[{"@type":"WebPage","@id":"https:\/\/www.ecojardi.com\/index.php\/diseno-3d\/","url":"https:\/\/www.ecojardi.com\/index.php\/diseno-3d\/","name":"Reforma terraza Barcelona - www.ecojardi.com","isPartOf":{"@id":"https:\/\/www.ecojardi.com\/#website"},"primaryImageOfPage":{"@id":"https:\/\/www.ecojardi.com\/index.php\/diseno-3d\/#primaryimage"},"image":{"@id":"https:\/\/www.ecojardi.com\/index.php\/diseno-3d\/#primaryimage"},"thumbnailUrl":"https:\/\/www.ecojardi.com\/wp-content\/uploads\/2025\/03\/mueble-exterior-Barcelona-8-1024x768.jpg","datePublished":"2024-11-15T16:48:29+00:00","dateModified":"2025-04-08T17:06:11+00:00","description":"Nos encargamos de todo para hacer la reforma de tu terraza en Barcelona. Creamos espacios llenos de naturaleza y tranquilidad.","breadcrumb":{"@id":"https:\/\/www.ecojardi.com\/index.php\/diseno-3d\/#breadcrumb"},"inLanguage":"es","potentialAction":[{"@type":"ReadAction","target":["https:\/\/www.ecojardi.com\/index.php\/diseno-3d\/"]}]},{"@type":"ImageObject","inLanguage":"es","@id":"https:\/\/www.ecojardi.com\/index.php\/diseno-3d\/#primaryimage","url":"https:\/\/www.ecojardi.com\/wp-content\/uploads\/2025\/03\/mueble-exterior-Barcelona-8.jpg","contentUrl":"https:\/\/www.ecojardi.com\/wp-content\/uploads\/2025\/03\/mueble-exterior-Barcelona-8.jpg","width":1600,"height":1200},{"@type":"BreadcrumbList","@id":"https:\/\/www.ecojardi.com\/index.php\/diseno-3d\/#breadcrumb","itemListElement":[{"@type":"ListItem","position":1,"name":"Portada","item":"https:\/\/www.ecojardi.com\/"},{"@type":"ListItem","position":2,"name":"Reforma terraza Barcelona"}]},{"@type":"WebSite","@id":"https:\/\/www.ecojardi.com\/#website","url":"https:\/\/www.ecojardi.com\/","name":"www.ecojardi.com","description":"Tarima exterior barcelona, Reforma de terrazas y jardines en Barcelona","publisher":{"@id":"https:\/\/www.ecojardi.com\/#organization"},"potentialAction":[{"@type":"SearchAction","target":{"@type":"EntryPoint","urlTemplate":"https:\/\/www.ecojardi.com\/?s={search_term_string}"},"query-input":{"@type":"PropertyValueSpecification","valueRequired":true,"valueName":"search_term_string"}}],"inLanguage":"es"},{"@type":"Organization","@id":"https:\/\/www.ecojardi.com\/#organization","name":"www.ecojardi.com","url":"https:\/\/www.ecojardi.com\/","logo":{"@type":"ImageObject","inLanguage":"es","@id":"https:\/\/www.ecojardi.com\/#\/schema\/logo\/image\/","url":"https:\/\/www.ecojardi.com\/wp-content\/uploads\/2024\/11\/baixa.png","contentUrl":"https:\/\/www.ecojardi.com\/wp-content\/uploads\/2024\/11\/baixa.png","width":284,"height":85,"caption":"www.ecojardi.com"},"image":{"@id":"https:\/\/www.ecojardi.com\/#\/schema\/logo\/image\/"},"sameAs":["https:\/\/www.facebook.com\/ecojardi2\/","https:\/\/www.instagram.com\/ecojardi\/","https:\/\/es.pinterest.com\/ecojardi\/","https:\/\/www.habitissimo.es\/ecojardi\/-588905cdb36e0","https:\/\/www.houzz.es\/profesionales\/jardineros\/ecojardi-pfvwes-pf~1763485695","https:\/\/www.youtube.com\/ecojardi"]}]}},"_links":{"self":[{"href":"https:\/\/www.ecojardi.com\/index.php\/wp-json\/wp\/v2\/pages\/63","targetHints":{"allow":["GET"]}}],"collection":[{"href":"https:\/\/www.ecojardi.com\/index.php\/wp-json\/wp\/v2\/pages"}],"about":[{"href":"https:\/\/www.ecojardi.com\/index.php\/wp-json\/wp\/v2\/types\/page"}],"author":[{"embeddable":true,"href":"https:\/\/www.ecojardi.com\/index.php\/wp-json\/wp\/v2\/users\/1"}],"replies":[{"embeddable":true,"href":"https:\/\/www.ecojardi.com\/index.php\/wp-json\/wp\/v2\/comments?post=63"}],"version-history":[{"count":7,"href":"https:\/\/www.ecojardi.com\/index.php\/wp-json\/wp\/v2\/pages\/63\/revisions"}],"predecessor-version":[{"id":418,"href":"https:\/\/www.ecojardi.com\/index.php\/wp-json\/wp\/v2\/pages\/63\/revisions\/418"}],"wp:attachment":[{"href":"https:\/\/www.ecojardi.com\/index.php\/wp-json\/wp\/v2\/media?parent=63"}],"curies":[{"name":"wp","href":"https:\/\/api.w.org\/{rel}","templated":true}]}}