{"id":90,"date":"2024-11-15T17:22:34","date_gmt":"2024-11-15T17:22:34","guid":{"rendered":"https:\/\/www.ecojardi.com\/?page_id=90"},"modified":"2025-04-08T16:45:12","modified_gmt":"2025-04-08T16:45:12","slug":"tarima-exterior-barcelona","status":"publish","type":"page","link":"https:\/\/www.ecojardi.com\/index.php\/tarima-exterior-barcelona\/","title":{"rendered":"Tarima exterior Barcelona"},"content":{"rendered":"\n<div style=\"height:var(--wp--preset--spacing--50)\" aria-hidden=\"true\" class=\"wp-block-spacer\"><\/div>\n\n\n\n<div class=\"wp-block-group alignwide has-global-padding is-layout-constrained wp-block-group-is-layout-constrained\">\n<h1 class=\"wp-block-heading alignwide has-text-align-center has-xx-large-font-size\" style=\"line-height:1.2\">Somos distribuidores e instaladores de tarima exterior en Barcelona de <a href=\"https:\/\/www.newtechwood.es\/\">Newtechwood<\/a>.<\/h1>\n<\/div>\n\n\n\n<figure class=\"wp-block-image size-large\"><img loading=\"lazy\" decoding=\"async\" width=\"1024\" height=\"576\" src=\"https:\/\/www.ecojardi.com\/wp-content\/uploads\/2024\/11\/exteriorismo-Barcelona-20-1024x576.jpg\" alt=\"\" class=\"wp-image-226\" srcset=\"https:\/\/www.ecojardi.com\/wp-content\/uploads\/2024\/11\/exteriorismo-Barcelona-20-1024x576.jpg 1024w, https:\/\/www.ecojardi.com\/wp-content\/uploads\/2024\/11\/exteriorismo-Barcelona-20-300x169.jpg 300w, https:\/\/www.ecojardi.com\/wp-content\/uploads\/2024\/11\/exteriorismo-Barcelona-20-768x432.jpg 768w, https:\/\/www.ecojardi.com\/wp-content\/uploads\/2024\/11\/exteriorismo-Barcelona-20-1536x864.jpg 1536w, https:\/\/www.ecojardi.com\/wp-content\/uploads\/2024\/11\/exteriorismo-Barcelona-20.jpg 2000w\" sizes=\"auto, (max-width: 1024px) 100vw, 1024px\" \/><\/figure>\n\n\n\n<figure class=\"wp-block-image size-large\"><img loading=\"lazy\" decoding=\"async\" width=\"1024\" height=\"576\" src=\"https:\/\/www.ecojardi.com\/wp-content\/uploads\/2024\/11\/revestimiento-piscina-barcelona-1-1-1024x576.jpg\" alt=\"\" class=\"wp-image-227\" srcset=\"https:\/\/www.ecojardi.com\/wp-content\/uploads\/2024\/11\/revestimiento-piscina-barcelona-1-1-1024x576.jpg 1024w, https:\/\/www.ecojardi.com\/wp-content\/uploads\/2024\/11\/revestimiento-piscina-barcelona-1-1-300x169.jpg 300w, https:\/\/www.ecojardi.com\/wp-content\/uploads\/2024\/11\/revestimiento-piscina-barcelona-1-1-768x432.jpg 768w, https:\/\/www.ecojardi.com\/wp-content\/uploads\/2024\/11\/revestimiento-piscina-barcelona-1-1-1536x864.jpg 1536w, https:\/\/www.ecojardi.com\/wp-content\/uploads\/2024\/11\/revestimiento-piscina-barcelona-1-1.jpg 2000w\" sizes=\"auto, (max-width: 1024px) 100vw, 1024px\" \/><\/figure>\n\n\n\n<h2 class=\"wp-block-heading has-text-align-center\">Sue\u00f1as con una terraza de ensue\u00f1o? En Ecojard\u00ed te ofrecemos una amplia variedad de tarimas de exterior de alta calidad para crear espacios \u00fanicos y acogedores. Instalaci\u00f3n profesional en Barcelona<\/h2>\n\n\n\n<figure class=\"wp-block-image size-large\"><img loading=\"lazy\" decoding=\"async\" width=\"1024\" height=\"416\" src=\"https:\/\/www.ecojardi.com\/wp-content\/uploads\/2024\/11\/exteriorismo-Barcelona-24-1-1024x416.jpg\" alt=\"\" class=\"wp-image-225\" srcset=\"https:\/\/www.ecojardi.com\/wp-content\/uploads\/2024\/11\/exteriorismo-Barcelona-24-1-1024x416.jpg 1024w, https:\/\/www.ecojardi.com\/wp-content\/uploads\/2024\/11\/exteriorismo-Barcelona-24-1-300x122.jpg 300w, https:\/\/www.ecojardi.com\/wp-content\/uploads\/2024\/11\/exteriorismo-Barcelona-24-1-768x312.jpg 768w, https:\/\/www.ecojardi.com\/wp-content\/uploads\/2024\/11\/exteriorismo-Barcelona-24-1.jpg 1200w\" sizes=\"auto, (max-width: 1024px) 100vw, 1024px\" \/><\/figure>\n\n\n\n<figure class=\"wp-block-image size-large\"><img loading=\"lazy\" decoding=\"async\" width=\"1024\" height=\"768\" src=\"https:\/\/www.ecojardi.com\/wp-content\/uploads\/2024\/11\/tarima-exterior-Barcelona-17-1-1024x768.jpg\" alt=\"\" class=\"wp-image-228\" srcset=\"https:\/\/www.ecojardi.com\/wp-content\/uploads\/2024\/11\/tarima-exterior-Barcelona-17-1-1024x768.jpg 1024w, https:\/\/www.ecojardi.com\/wp-content\/uploads\/2024\/11\/tarima-exterior-Barcelona-17-1-300x225.jpg 300w, https:\/\/www.ecojardi.com\/wp-content\/uploads\/2024\/11\/tarima-exterior-Barcelona-17-1-768x576.jpg 768w, https:\/\/www.ecojardi.com\/wp-content\/uploads\/2024\/11\/tarima-exterior-Barcelona-17-1-1536x1152.jpg 1536w, https:\/\/www.ecojardi.com\/wp-content\/uploads\/2024\/11\/tarima-exterior-Barcelona-17-1.jpg 1600w\" sizes=\"auto, (max-width: 1024px) 100vw, 1024px\" \/><\/figure>\n\n\n\n<figure class=\"wp-block-image size-large\"><img loading=\"lazy\" decoding=\"async\" width=\"1024\" height=\"576\" src=\"https:\/\/www.ecojardi.com\/wp-content\/uploads\/2024\/11\/tarima-exterior-Barcelona-4-1-1024x576.jpg\" alt=\"\" class=\"wp-image-230\" srcset=\"https:\/\/www.ecojardi.com\/wp-content\/uploads\/2024\/11\/tarima-exterior-Barcelona-4-1-1024x576.jpg 1024w, https:\/\/www.ecojardi.com\/wp-content\/uploads\/2024\/11\/tarima-exterior-Barcelona-4-1-300x169.jpg 300w, https:\/\/www.ecojardi.com\/wp-content\/uploads\/2024\/11\/tarima-exterior-Barcelona-4-1-768x432.jpg 768w, https:\/\/www.ecojardi.com\/wp-content\/uploads\/2024\/11\/tarima-exterior-Barcelona-4-1-1536x864.jpg 1536w, https:\/\/www.ecojardi.com\/wp-content\/uploads\/2024\/11\/tarima-exterior-Barcelona-4-1.jpg 1599w\" sizes=\"auto, (max-width: 1024px) 100vw, 1024px\" \/><\/figure>\n\n\n\n<figure class=\"wp-block-image size-large\"><img loading=\"lazy\" decoding=\"async\" width=\"1024\" height=\"461\" src=\"https:\/\/www.ecojardi.com\/wp-content\/uploads\/2024\/11\/tarima-exterior-Barcelona-20-1024x461.jpg\" alt=\"\" class=\"wp-image-231\" srcset=\"https:\/\/www.ecojardi.com\/wp-content\/uploads\/2024\/11\/tarima-exterior-Barcelona-20-1024x461.jpg 1024w, https:\/\/www.ecojardi.com\/wp-content\/uploads\/2024\/11\/tarima-exterior-Barcelona-20-300x135.jpg 300w, https:\/\/www.ecojardi.com\/wp-content\/uploads\/2024\/11\/tarima-exterior-Barcelona-20-768x345.jpg 768w, https:\/\/www.ecojardi.com\/wp-content\/uploads\/2024\/11\/tarima-exterior-Barcelona-20-1536x691.jpg 1536w, https:\/\/www.ecojardi.com\/wp-content\/uploads\/2024\/11\/tarima-exterior-Barcelona-20.jpg 2048w\" sizes=\"auto, (max-width: 1024px) 100vw, 1024px\" \/><\/figure>\n\n\n\n<figure class=\"wp-block-image size-large\"><img loading=\"lazy\" decoding=\"async\" width=\"1024\" height=\"768\" src=\"https:\/\/www.ecojardi.com\/wp-content\/uploads\/2024\/11\/tarima-exterior-Barcelona-6-1024x768.jpg\" alt=\"\" class=\"wp-image-232\" srcset=\"https:\/\/www.ecojardi.com\/wp-content\/uploads\/2024\/11\/tarima-exterior-Barcelona-6-1024x768.jpg 1024w, https:\/\/www.ecojardi.com\/wp-content\/uploads\/2024\/11\/tarima-exterior-Barcelona-6-300x225.jpg 300w, https:\/\/www.ecojardi.com\/wp-content\/uploads\/2024\/11\/tarima-exterior-Barcelona-6-768x576.jpg 768w, https:\/\/www.ecojardi.com\/wp-content\/uploads\/2024\/11\/tarima-exterior-Barcelona-6-1536x1152.jpg 1536w, https:\/\/www.ecojardi.com\/wp-content\/uploads\/2024\/11\/tarima-exterior-Barcelona-6.jpg 2000w\" sizes=\"auto, (max-width: 1024px) 100vw, 1024px\" \/><\/figure>\n\n\n\n<h3 class=\"wp-block-heading has-text-align-center\">Reforma tu terraza con nuestras tarimas de madera o tarimas de composite. Dise\u00f1amos el espacio a tu medida adapt\u00e1ndonos a tus necesidades y tus gustos.<\/h3>\n\n\n\n<p><\/p>\n","protected":false},"excerpt":{"rendered":"<p>Somos distribuidores e instaladores de tarima exterior en Barcelona de Newtechwood. Sue\u00f1as con una terraza de ensue\u00f1o? En Ecojard\u00ed te ofrecemos una amplia variedad de tarimas de exterior de alta calidad para crear espacios \u00fanicos y acogedores. Instalaci\u00f3n profesional en Barcelona Reforma tu terraza con nuestras tarimas de madera o tarimas de composite. Dise\u00f1amos el [&hellip;]<\/p>\n","protected":false},"author":1,"featured_media":0,"parent":0,"menu_order":0,"comment_status":"closed","ping_status":"closed","template":"","meta":{"om_disable_all_campaigns":false,"_monsterinsights_skip_tracking":false,"_monsterinsights_sitenote_active":false,"_monsterinsights_sitenote_note":"","_monsterinsights_sitenote_category":0,"_uf_show_specific_survey":0,"_uf_disable_surveys":false,"footnotes":""},"class_list":["post-90","page","type-page","status-publish","hentry"],"yoast_head":"<!-- This site is optimized with the Yoast SEO plugin v24.8.1 - https:\/\/yoast.com\/wordpress\/plugins\/seo\/ -->\n<title>Tarima exterior Barcelona - www.ecojardi.com<\/title>\n<meta name=\"robots\" content=\"index, follow, max-snippet:-1, max-image-preview:large, max-video-preview:-1\" \/>\n<link rel=\"canonical\" href=\"https:\/\/www.ecojardi.com\/index.php\/tarima-exterior-barcelona\/\" \/>\n<meta property=\"og:locale\" content=\"es_ES\" \/>\n<meta property=\"og:type\" content=\"article\" \/>\n<meta property=\"og:title\" content=\"Tarima exterior Barcelona - www.ecojardi.com\" \/>\n<meta property=\"og:description\" content=\"Somos distribuidores e instaladores de tarima exterior en Barcelona de Newtechwood. Sue\u00f1as con una terraza de ensue\u00f1o? En Ecojard\u00ed te ofrecemos una amplia variedad de tarimas de exterior de alta calidad para crear espacios \u00fanicos y acogedores. Instalaci\u00f3n profesional en Barcelona Reforma tu terraza con nuestras tarimas de madera o tarimas de composite. Dise\u00f1amos el [&hellip;]\" \/>\n<meta property=\"og:url\" content=\"https:\/\/www.ecojardi.com\/index.php\/tarima-exterior-barcelona\/\" \/>\n<meta property=\"og:site_name\" content=\"www.ecojardi.com\" \/>\n<meta property=\"article:publisher\" content=\"https:\/\/www.facebook.com\/ecojardi2\/\" \/>\n<meta property=\"article:modified_time\" content=\"2025-04-08T16:45:12+00:00\" \/>\n<meta property=\"og:image\" content=\"https:\/\/www.ecojardi.com\/wp-content\/uploads\/2024\/11\/exteriorismo-Barcelona-20.jpg\" \/>\n\t<meta property=\"og:image:width\" content=\"2000\" \/>\n\t<meta property=\"og:image:height\" content=\"1125\" \/>\n\t<meta property=\"og:image:type\" content=\"image\/jpeg\" \/>\n<meta name=\"twitter:card\" content=\"summary_large_image\" \/>\n<meta name=\"twitter:label1\" content=\"Tiempo de lectura\" \/>\n\t<meta name=\"twitter:data1\" content=\"2 minutos\" \/>\n<script type=\"application\/ld+json\" class=\"yoast-schema-graph\">{\"@context\":\"https:\/\/schema.org\",\"@graph\":[{\"@type\":\"WebPage\",\"@id\":\"https:\/\/www.ecojardi.com\/index.php\/tarima-exterior-barcelona\/\",\"url\":\"https:\/\/www.ecojardi.com\/index.php\/tarima-exterior-barcelona\/\",\"name\":\"Tarima exterior Barcelona - www.ecojardi.com\",\"isPartOf\":{\"@id\":\"https:\/\/www.ecojardi.com\/#website\"},\"primaryImageOfPage\":{\"@id\":\"https:\/\/www.ecojardi.com\/index.php\/tarima-exterior-barcelona\/#primaryimage\"},\"image\":{\"@id\":\"https:\/\/www.ecojardi.com\/index.php\/tarima-exterior-barcelona\/#primaryimage\"},\"thumbnailUrl\":\"https:\/\/www.ecojardi.com\/wp-content\/uploads\/2024\/11\/exteriorismo-Barcelona-20-1024x576.jpg\",\"datePublished\":\"2024-11-15T17:22:34+00:00\",\"dateModified\":\"2025-04-08T16:45:12+00:00\",\"breadcrumb\":{\"@id\":\"https:\/\/www.ecojardi.com\/index.php\/tarima-exterior-barcelona\/#breadcrumb\"},\"inLanguage\":\"es\",\"potentialAction\":[{\"@type\":\"ReadAction\",\"target\":[\"https:\/\/www.ecojardi.com\/index.php\/tarima-exterior-barcelona\/\"]}]},{\"@type\":\"ImageObject\",\"inLanguage\":\"es\",\"@id\":\"https:\/\/www.ecojardi.com\/index.php\/tarima-exterior-barcelona\/#primaryimage\",\"url\":\"https:\/\/www.ecojardi.com\/wp-content\/uploads\/2024\/11\/exteriorismo-Barcelona-20.jpg\",\"contentUrl\":\"https:\/\/www.ecojardi.com\/wp-content\/uploads\/2024\/11\/exteriorismo-Barcelona-20.jpg\",\"width\":2000,\"height\":1125},{\"@type\":\"BreadcrumbList\",\"@id\":\"https:\/\/www.ecojardi.com\/index.php\/tarima-exterior-barcelona\/#breadcrumb\",\"itemListElement\":[{\"@type\":\"ListItem\",\"position\":1,\"name\":\"Portada\",\"item\":\"https:\/\/www.ecojardi.com\/\"},{\"@type\":\"ListItem\",\"position\":2,\"name\":\"Tarima exterior Barcelona\"}]},{\"@type\":\"WebSite\",\"@id\":\"https:\/\/www.ecojardi.com\/#website\",\"url\":\"https:\/\/www.ecojardi.com\/\",\"name\":\"www.ecojardi.com\",\"description\":\"Tarima exterior barcelona, Reforma de terrazas y jardines en Barcelona\",\"publisher\":{\"@id\":\"https:\/\/www.ecojardi.com\/#organization\"},\"potentialAction\":[{\"@type\":\"SearchAction\",\"target\":{\"@type\":\"EntryPoint\",\"urlTemplate\":\"https:\/\/www.ecojardi.com\/?s={search_term_string}\"},\"query-input\":{\"@type\":\"PropertyValueSpecification\",\"valueRequired\":true,\"valueName\":\"search_term_string\"}}],\"inLanguage\":\"es\"},{\"@type\":\"Organization\",\"@id\":\"https:\/\/www.ecojardi.com\/#organization\",\"name\":\"www.ecojardi.com\",\"url\":\"https:\/\/www.ecojardi.com\/\",\"logo\":{\"@type\":\"ImageObject\",\"inLanguage\":\"es\",\"@id\":\"https:\/\/www.ecojardi.com\/#\/schema\/logo\/image\/\",\"url\":\"https:\/\/www.ecojardi.com\/wp-content\/uploads\/2024\/11\/baixa.png\",\"contentUrl\":\"https:\/\/www.ecojardi.com\/wp-content\/uploads\/2024\/11\/baixa.png\",\"width\":284,\"height\":85,\"caption\":\"www.ecojardi.com\"},\"image\":{\"@id\":\"https:\/\/www.ecojardi.com\/#\/schema\/logo\/image\/\"},\"sameAs\":[\"https:\/\/www.facebook.com\/ecojardi2\/\",\"https:\/\/www.instagram.com\/ecojardi\/\",\"https:\/\/es.pinterest.com\/ecojardi\/\",\"https:\/\/www.habitissimo.es\/ecojardi\/-588905cdb36e0\",\"https:\/\/www.houzz.es\/profesionales\/jardineros\/ecojardi-pfvwes-pf~1763485695\",\"https:\/\/www.youtube.com\/ecojardi\"]}]}<\/script>\n<!-- \/ Yoast SEO plugin. -->","yoast_head_json":{"title":"Tarima exterior Barcelona - www.ecojardi.com","robots":{"index":"index","follow":"follow","max-snippet":"max-snippet:-1","max-image-preview":"max-image-preview:large","max-video-preview":"max-video-preview:-1"},"canonical":"https:\/\/www.ecojardi.com\/index.php\/tarima-exterior-barcelona\/","og_locale":"es_ES","og_type":"article","og_title":"Tarima exterior Barcelona - www.ecojardi.com","og_description":"Somos distribuidores e instaladores de tarima exterior en Barcelona de Newtechwood. Sue\u00f1as con una terraza de ensue\u00f1o? En Ecojard\u00ed te ofrecemos una amplia variedad de tarimas de exterior de alta calidad para crear espacios \u00fanicos y acogedores. Instalaci\u00f3n profesional en Barcelona Reforma tu terraza con nuestras tarimas de madera o tarimas de composite. Dise\u00f1amos el [&hellip;]","og_url":"https:\/\/www.ecojardi.com\/index.php\/tarima-exterior-barcelona\/","og_site_name":"www.ecojardi.com","article_publisher":"https:\/\/www.facebook.com\/ecojardi2\/","article_modified_time":"2025-04-08T16:45:12+00:00","og_image":[{"width":2000,"height":1125,"url":"https:\/\/www.ecojardi.com\/wp-content\/uploads\/2024\/11\/exteriorismo-Barcelona-20.jpg","type":"image\/jpeg"}],"twitter_card":"summary_large_image","twitter_misc":{"Tiempo de lectura":"2 minutos"},"schema":{"@context":"https:\/\/schema.org","@graph":[{"@type":"WebPage","@id":"https:\/\/www.ecojardi.com\/index.php\/tarima-exterior-barcelona\/","url":"https:\/\/www.ecojardi.com\/index.php\/tarima-exterior-barcelona\/","name":"Tarima exterior Barcelona - www.ecojardi.com","isPartOf":{"@id":"https:\/\/www.ecojardi.com\/#website"},"primaryImageOfPage":{"@id":"https:\/\/www.ecojardi.com\/index.php\/tarima-exterior-barcelona\/#primaryimage"},"image":{"@id":"https:\/\/www.ecojardi.com\/index.php\/tarima-exterior-barcelona\/#primaryimage"},"thumbnailUrl":"https:\/\/www.ecojardi.com\/wp-content\/uploads\/2024\/11\/exteriorismo-Barcelona-20-1024x576.jpg","datePublished":"2024-11-15T17:22:34+00:00","dateModified":"2025-04-08T16:45:12+00:00","breadcrumb":{"@id":"https:\/\/www.ecojardi.com\/index.php\/tarima-exterior-barcelona\/#breadcrumb"},"inLanguage":"es","potentialAction":[{"@type":"ReadAction","target":["https:\/\/www.ecojardi.com\/index.php\/tarima-exterior-barcelona\/"]}]},{"@type":"ImageObject","inLanguage":"es","@id":"https:\/\/www.ecojardi.com\/index.php\/tarima-exterior-barcelona\/#primaryimage","url":"https:\/\/www.ecojardi.com\/wp-content\/uploads\/2024\/11\/exteriorismo-Barcelona-20.jpg","contentUrl":"https:\/\/www.ecojardi.com\/wp-content\/uploads\/2024\/11\/exteriorismo-Barcelona-20.jpg","width":2000,"height":1125},{"@type":"BreadcrumbList","@id":"https:\/\/www.ecojardi.com\/index.php\/tarima-exterior-barcelona\/#breadcrumb","itemListElement":[{"@type":"ListItem","position":1,"name":"Portada","item":"https:\/\/www.ecojardi.com\/"},{"@type":"ListItem","position":2,"name":"Tarima exterior Barcelona"}]},{"@type":"WebSite","@id":"https:\/\/www.ecojardi.com\/#website","url":"https:\/\/www.ecojardi.com\/","name":"www.ecojardi.com","description":"Tarima exterior barcelona, Reforma de terrazas y jardines en Barcelona","publisher":{"@id":"https:\/\/www.ecojardi.com\/#organization"},"potentialAction":[{"@type":"SearchAction","target":{"@type":"EntryPoint","urlTemplate":"https:\/\/www.ecojardi.com\/?s={search_term_string}"},"query-input":{"@type":"PropertyValueSpecification","valueRequired":true,"valueName":"search_term_string"}}],"inLanguage":"es"},{"@type":"Organization","@id":"https:\/\/www.ecojardi.com\/#organization","name":"www.ecojardi.com","url":"https:\/\/www.ecojardi.com\/","logo":{"@type":"ImageObject","inLanguage":"es","@id":"https:\/\/www.ecojardi.com\/#\/schema\/logo\/image\/","url":"https:\/\/www.ecojardi.com\/wp-content\/uploads\/2024\/11\/baixa.png","contentUrl":"https:\/\/www.ecojardi.com\/wp-content\/uploads\/2024\/11\/baixa.png","width":284,"height":85,"caption":"www.ecojardi.com"},"image":{"@id":"https:\/\/www.ecojardi.com\/#\/schema\/logo\/image\/"},"sameAs":["https:\/\/www.facebook.com\/ecojardi2\/","https:\/\/www.instagram.com\/ecojardi\/","https:\/\/es.pinterest.com\/ecojardi\/","https:\/\/www.habitissimo.es\/ecojardi\/-588905cdb36e0","https:\/\/www.houzz.es\/profesionales\/jardineros\/ecojardi-pfvwes-pf~1763485695","https:\/\/www.youtube.com\/ecojardi"]}]}},"_links":{"self":[{"href":"https:\/\/www.ecojardi.com\/index.php\/wp-json\/wp\/v2\/pages\/90","targetHints":{"allow":["GET"]}}],"collection":[{"href":"https:\/\/www.ecojardi.com\/index.php\/wp-json\/wp\/v2\/pages"}],"about":[{"href":"https:\/\/www.ecojardi.com\/index.php\/wp-json\/wp\/v2\/types\/page"}],"author":[{"embeddable":true,"href":"https:\/\/www.ecojardi.com\/index.php\/wp-json\/wp\/v2\/users\/1"}],"replies":[{"embeddable":true,"href":"https:\/\/www.ecojardi.com\/index.php\/wp-json\/wp\/v2\/comments?post=90"}],"version-history":[{"count":10,"href":"https:\/\/www.ecojardi.com\/index.php\/wp-json\/wp\/v2\/pages\/90\/revisions"}],"predecessor-version":[{"id":407,"href":"https:\/\/www.ecojardi.com\/index.php\/wp-json\/wp\/v2\/pages\/90\/revisions\/407"}],"wp:attachment":[{"href":"https:\/\/www.ecojardi.com\/index.php\/wp-json\/wp\/v2\/media?parent=90"}],"curies":[{"name":"wp","href":"https:\/\/api.w.org\/{rel}","templated":true}]}}